{"id":9641,"date":"2018-01-22T10:49:33","date_gmt":"2018-01-22T09:49:33","guid":{"rendered":"http:\/\/wamabi.be\/site\/?page_id=9641"},"modified":"2026-01-05T11:02:02","modified_gmt":"2026-01-05T10:02:02","slug":"sourbrodt","status":"publish","type":"page","link":"https:\/\/wamabi.be\/site\/sourbrodt\/","title":{"rendered":"Sourbrodt"},"content":{"rendered":"<p>Rue de Botrange 36<br \/>\n4950 Sourbrodt<br \/>\nT\u00e9l. : 080 \/ 44 75 86<br \/>\nEmail : <a href=\"mailto:waimes@wamabi.be\">waimes@wamabi.be<\/a><\/p>\n<p>Portes ouvertes au public :<br \/>\nMercredi de 15h \u00e0 18h<br \/>\nVendredi de 15h \u00e0 18h<\/p>\n<p><strong>!! Horaire r\u00e9duit durant les cong\u00e9s scolaires<\/strong> (carnaval, printemps, \u00e9t\u00e9, automne et hiver) :<br \/>\nVendredi de 15h \u00e0 18h<\/p>\n<p>Sur rendez-vous pour les \u00e9coles, associations et collectivit\u00e9s<\/p>\n<p>Jours de fermeture (2026) : <strong>1<sup>er <\/sup><\/strong><b>&amp; 15 mai, 11 novembre, 25 d\u00e9cembre.<\/b><\/p>\n<p>&nbsp;<\/p>\n","protected":false},"excerpt":{"rendered":"<p>Rue de Botrange 36 4950 Sourbrodt T\u00e9l. : 080 \/ 44 75 86 Email : waimes@wamabi.be Portes ouvertes au public : Mercredi de 15h \u00e0 18h Vendredi de 15h \u00e0 18h !! Horaire r\u00e9duit durant les cong\u00e9s scolaires (carnaval, printemps, \u00e9t\u00e9, automne et hiver) : Vendredi de 15h \u00e0 18h Sur rendez-vous pour les \u00e9coles, [&hellip;]<\/p>\n","protected":false},"author":6,"featured_media":0,"parent":0,"menu_order":0,"comment_status":"closed","ping_status":"closed","template":"","meta":{"_seopress_robots_primary_cat":"","_seopress_titles_title":"","_seopress_titles_desc":"","_seopress_robots_index":"","footnotes":""},"class_list":["post-9641","page","type-page","status-publish","czr-hentry"],"yoast_head":"<!-- This site is optimized with the Yoast SEO plugin v27.5 - https:\/\/yoast.com\/product\/yoast-seo-wordpress\/ -->\n<title>Sourbrodt - Wamabi<\/title>\n<meta name=\"robots\" content=\"index, follow, max-snippet:-1, max-image-preview:large, max-video-preview:-1\" \/>\n<link rel=\"canonical\" href=\"https:\/\/wamabi.be\/site\/sourbrodt\/\" \/>\n<meta property=\"og:locale\" content=\"fr_FR\" \/>\n<meta property=\"og:type\" content=\"article\" \/>\n<meta property=\"og:title\" content=\"Sourbrodt - Wamabi\" \/>\n<meta property=\"og:description\" content=\"Rue de Botrange 36 4950 Sourbrodt T\u00e9l. : 080 \/ 44 75 86 Email : waimes@wamabi.be Portes ouvertes au public : Mercredi de 15h \u00e0 18h Vendredi de 15h \u00e0 18h !! Horaire r\u00e9duit durant les cong\u00e9s scolaires (carnaval, printemps, \u00e9t\u00e9, automne et hiver) : Vendredi de 15h \u00e0 18h Sur rendez-vous pour les \u00e9coles, [&hellip;]\" \/>\n<meta property=\"og:url\" content=\"https:\/\/wamabi.be\/site\/sourbrodt\/\" \/>\n<meta property=\"og:site_name\" content=\"Wamabi\" \/>\n<meta property=\"article:modified_time\" content=\"2026-01-05T10:02:02+00:00\" \/>\n<meta name=\"twitter:card\" content=\"summary_large_image\" \/>\n<meta name=\"twitter:label1\" content=\"Dur\u00e9e de lecture estim\u00e9e\" \/>\n\t<meta name=\"twitter:data1\" content=\"1 minute\" \/>\n<script type=\"application\/ld+json\" class=\"yoast-schema-graph\">{\"@context\":\"https:\\\/\\\/schema.org\",\"@graph\":[{\"@type\":\"WebPage\",\"@id\":\"https:\\\/\\\/wamabi.be\\\/site\\\/sourbrodt\\\/\",\"url\":\"https:\\\/\\\/wamabi.be\\\/site\\\/sourbrodt\\\/\",\"name\":\"Sourbrodt - Wamabi\",\"isPartOf\":{\"@id\":\"https:\\\/\\\/wamabi.be\\\/site\\\/#website\"},\"datePublished\":\"2018-01-22T09:49:33+00:00\",\"dateModified\":\"2026-01-05T10:02:02+00:00\",\"breadcrumb\":{\"@id\":\"https:\\\/\\\/wamabi.be\\\/site\\\/sourbrodt\\\/#breadcrumb\"},\"inLanguage\":\"fr-FR\",\"potentialAction\":[{\"@type\":\"ReadAction\",\"target\":[\"https:\\\/\\\/wamabi.be\\\/site\\\/sourbrodt\\\/\"]}]},{\"@type\":\"BreadcrumbList\",\"@id\":\"https:\\\/\\\/wamabi.be\\\/site\\\/sourbrodt\\\/#breadcrumb\",\"itemListElement\":[{\"@type\":\"ListItem\",\"position\":1,\"name\":\"Accueil\",\"item\":\"https:\\\/\\\/wamabi.be\\\/site\\\/\"},{\"@type\":\"ListItem\",\"position\":2,\"name\":\"Sourbrodt\"}]},{\"@type\":\"WebSite\",\"@id\":\"https:\\\/\\\/wamabi.be\\\/site\\\/#website\",\"url\":\"https:\\\/\\\/wamabi.be\\\/site\\\/\",\"name\":\"Wamabi\",\"description\":\"Wamabi - Biblioth\u00e8ques de Waimes et de Malmedy\",\"publisher\":{\"@id\":\"https:\\\/\\\/wamabi.be\\\/site\\\/#organization\"},\"potentialAction\":[{\"@type\":\"SearchAction\",\"target\":{\"@type\":\"EntryPoint\",\"urlTemplate\":\"https:\\\/\\\/wamabi.be\\\/site\\\/?s={search_term_string}\"},\"query-input\":{\"@type\":\"PropertyValueSpecification\",\"valueRequired\":true,\"valueName\":\"search_term_string\"}}],\"inLanguage\":\"fr-FR\"},{\"@type\":\"Organization\",\"@id\":\"https:\\\/\\\/wamabi.be\\\/site\\\/#organization\",\"name\":\"Wamabi\",\"url\":\"https:\\\/\\\/wamabi.be\\\/site\\\/\",\"logo\":{\"@type\":\"ImageObject\",\"inLanguage\":\"fr-FR\",\"@id\":\"https:\\\/\\\/wamabi.be\\\/site\\\/#\\\/schema\\\/logo\\\/image\\\/\",\"url\":\"https:\\\/\\\/wamabi.be\\\/site\\\/wp-content\\\/cropped-cropped-Dragon-noir-et-blanc-transparent-carre-1.png\",\"contentUrl\":\"https:\\\/\\\/wamabi.be\\\/site\\\/wp-content\\\/cropped-cropped-Dragon-noir-et-blanc-transparent-carre-1.png\",\"width\":2321,\"height\":2321,\"caption\":\"Wamabi\"},\"image\":{\"@id\":\"https:\\\/\\\/wamabi.be\\\/site\\\/#\\\/schema\\\/logo\\\/image\\\/\"}}]}<\/script>\n<!-- \/ Yoast SEO plugin. -->","yoast_head_json":{"title":"Sourbrodt - Wamabi","robots":{"index":"index","follow":"follow","max-snippet":"max-snippet:-1","max-image-preview":"max-image-preview:large","max-video-preview":"max-video-preview:-1"},"canonical":"https:\/\/wamabi.be\/site\/sourbrodt\/","og_locale":"fr_FR","og_type":"article","og_title":"Sourbrodt - Wamabi","og_description":"Rue de Botrange 36 4950 Sourbrodt T\u00e9l. : 080 \/ 44 75 86 Email : waimes@wamabi.be Portes ouvertes au public : Mercredi de 15h \u00e0 18h Vendredi de 15h \u00e0 18h !! Horaire r\u00e9duit durant les cong\u00e9s scolaires (carnaval, printemps, \u00e9t\u00e9, automne et hiver) : Vendredi de 15h \u00e0 18h Sur rendez-vous pour les \u00e9coles, [&hellip;]","og_url":"https:\/\/wamabi.be\/site\/sourbrodt\/","og_site_name":"Wamabi","article_modified_time":"2026-01-05T10:02:02+00:00","twitter_card":"summary_large_image","twitter_misc":{"Dur\u00e9e de lecture estim\u00e9e":"1 minute"},"schema":{"@context":"https:\/\/schema.org","@graph":[{"@type":"WebPage","@id":"https:\/\/wamabi.be\/site\/sourbrodt\/","url":"https:\/\/wamabi.be\/site\/sourbrodt\/","name":"Sourbrodt - Wamabi","isPartOf":{"@id":"https:\/\/wamabi.be\/site\/#website"},"datePublished":"2018-01-22T09:49:33+00:00","dateModified":"2026-01-05T10:02:02+00:00","breadcrumb":{"@id":"https:\/\/wamabi.be\/site\/sourbrodt\/#breadcrumb"},"inLanguage":"fr-FR","potentialAction":[{"@type":"ReadAction","target":["https:\/\/wamabi.be\/site\/sourbrodt\/"]}]},{"@type":"BreadcrumbList","@id":"https:\/\/wamabi.be\/site\/sourbrodt\/#breadcrumb","itemListElement":[{"@type":"ListItem","position":1,"name":"Accueil","item":"https:\/\/wamabi.be\/site\/"},{"@type":"ListItem","position":2,"name":"Sourbrodt"}]},{"@type":"WebSite","@id":"https:\/\/wamabi.be\/site\/#website","url":"https:\/\/wamabi.be\/site\/","name":"Wamabi","description":"Wamabi - Biblioth\u00e8ques de Waimes et de Malmedy","publisher":{"@id":"https:\/\/wamabi.be\/site\/#organization"},"potentialAction":[{"@type":"SearchAction","target":{"@type":"EntryPoint","urlTemplate":"https:\/\/wamabi.be\/site\/?s={search_term_string}"},"query-input":{"@type":"PropertyValueSpecification","valueRequired":true,"valueName":"search_term_string"}}],"inLanguage":"fr-FR"},{"@type":"Organization","@id":"https:\/\/wamabi.be\/site\/#organization","name":"Wamabi","url":"https:\/\/wamabi.be\/site\/","logo":{"@type":"ImageObject","inLanguage":"fr-FR","@id":"https:\/\/wamabi.be\/site\/#\/schema\/logo\/image\/","url":"https:\/\/wamabi.be\/site\/wp-content\/cropped-cropped-Dragon-noir-et-blanc-transparent-carre-1.png","contentUrl":"https:\/\/wamabi.be\/site\/wp-content\/cropped-cropped-Dragon-noir-et-blanc-transparent-carre-1.png","width":2321,"height":2321,"caption":"Wamabi"},"image":{"@id":"https:\/\/wamabi.be\/site\/#\/schema\/logo\/image\/"}}]}},"_links":{"self":[{"href":"https:\/\/wamabi.be\/site\/wp-json\/wp\/v2\/pages\/9641","targetHints":{"allow":["GET"]}}],"collection":[{"href":"https:\/\/wamabi.be\/site\/wp-json\/wp\/v2\/pages"}],"about":[{"href":"https:\/\/wamabi.be\/site\/wp-json\/wp\/v2\/types\/page"}],"author":[{"embeddable":true,"href":"https:\/\/wamabi.be\/site\/wp-json\/wp\/v2\/users\/6"}],"replies":[{"embeddable":true,"href":"https:\/\/wamabi.be\/site\/wp-json\/wp\/v2\/comments?post=9641"}],"version-history":[{"count":29,"href":"https:\/\/wamabi.be\/site\/wp-json\/wp\/v2\/pages\/9641\/revisions"}],"predecessor-version":[{"id":14997,"href":"https:\/\/wamabi.be\/site\/wp-json\/wp\/v2\/pages\/9641\/revisions\/14997"}],"wp:attachment":[{"href":"https:\/\/wamabi.be\/site\/wp-json\/wp\/v2\/media?parent=9641"}],"curies":[{"name":"wp","href":"https:\/\/api.w.org\/{rel}","templated":true}]}}