{"id":8238,"date":"2016-03-29T13:34:56","date_gmt":"2016-03-29T12:34:56","guid":{"rendered":"http:\/\/wamabi.be\/site\/?page_id=8238"},"modified":"2022-09-06T15:00:10","modified_gmt":"2022-09-06T14:00:10","slug":"charte","status":"publish","type":"page","link":"https:\/\/wamabi.be\/site\/charte\/","title":{"rendered":"Charte d&rsquo;accueil"},"content":{"rendered":"<p><strong>\u00ab\u00a0Vous avez choisi d\u2019utiliser les services de Wamabi, le r\u00e9seau des biblioth\u00e8ques de Waimes et Malmedy? Nous vous remercions de cette confiance et nous nous engageons \u00e0 bien vous accueillir.\u00a0\u00bb<\/strong><\/p>\n<figure id=\"attachment_8247\" aria-describedby=\"caption-attachment-8247\" style=\"width: 471px\" class=\"wp-caption alignnone\"><img loading=\"lazy\" decoding=\"async\" class=\" wp-image-8247\" src=\"http:\/\/wamabi.be\/site\/wp-content\/Photo-075-300x225.jpg\" alt=\"Raoni en visite \u00e0 la biblioth\u00e8que de Malmedy - \u00a9Wamabi\" width=\"471\" height=\"353\" srcset=\"https:\/\/wamabi.be\/site\/wp-content\/Photo-075-300x225.jpg 300w, https:\/\/wamabi.be\/site\/wp-content\/Photo-075-768x576.jpg 768w, https:\/\/wamabi.be\/site\/wp-content\/Photo-075.jpg 1024w\" sizes=\"auto, (max-width: 471px) 100vw, 471px\" \/><figcaption id=\"caption-attachment-8247\" class=\"wp-caption-text\"><em>Raoni en visite \u00e0 la biblioth\u00e8que de Malmedy &#8211; \u00a9Wamabi<\/em><\/figcaption><\/figure>\n<p><strong>NOS ENGAGEMENTS :<\/strong><br \/>\nNous vous accueillons avec plaisir et vous informons sur la multiplicit\u00e9 de nos services.<br \/>\nNous \u00e9coutons avec attention vos besoins et nous effor\u00e7ons de vous r\u00e9pondre de la fa\u00e7on la plus pertinente.<br \/>\nNous respectons la confidentialit\u00e9 des donn\u00e9es que nous poss\u00e9dons.<br \/>\nNous vous interrogeons r\u00e9guli\u00e8rement sur vos attentes et votre satisfaction concernant la qualit\u00e9 de notre accueil. Nous accueillons volontiers l\u2019expression de votre satisfaction ou votre m\u00e9contentement.<br \/>\nNous mesurons les r\u00e9sultats des actions d\u2019am\u00e9lioration que nous mettons en place et vous informons sur les r\u00e9sultats de ces \u00e9valuations et des progr\u00e8s accomplis.<br \/>\nNous participons \u00e0 la vie culturelle et sociale en adaptant nos services avec souplesse aux besoins de la collectivit\u00e9.<\/p>\n<p><strong>NOUS VOUS DEMANDONS :<\/strong><br \/>\nDe vous identifier individuellement.<br \/>\nDe respecter les autres visiteurs et les ressources mises \u00e0 votre disposition.<br \/>\nDe prendre connaissance des diff\u00e9rentes chartes et r\u00e8gles et d\u2019en tenir compte.<br \/>\nDe prendre en compte la charge de travail du personnel.<br \/>\nDe faire part de vos difficult\u00e9s ou de vos suggestions.<\/p>\n<p><strong>ACCES FACILE A NOS LOCAUX ET NOS SERVICES <\/strong><br \/>\nNous r\u00e9pondons \u00e0 vos appels t\u00e9l\u00e9phoniques au 080\/79.99.30 durant les heures d\u2019ouverture et nous tenons compte des messages enregistr\u00e9s sur le r\u00e9pondeur.<br \/>\nNous r\u00e9ceptionnons vos m\u00e9dias 24h\/24h gr\u00e2ce \u00e0 la bo\u00eete aux lettres (g\u00e9ante) plac\u00e9e \u00e0 l\u2019entr\u00e9e du b\u00e2timent.<br \/>\nNos locaux disposent d\u2019un parking gratuit et sont accessibles aux personnes \u00e0 mobilit\u00e9 r\u00e9duite. L\u2019acc\u00e8s se fait gr\u00e2ce \u00e0 l\u2019ascenseur. Nous offrons \u00e9galement un service \u00e0 domicile pour les personnes \u00e0 mobilit\u00e9 r\u00e9duite en partenariat avec la Croix-Rouge.<br \/>\nNous mettons \u00e0 disposition un espace \u00e9quip\u00e9 d\u2019un service minimum (wi-fi, ordinateurs connect\u00e9s \u00e0 internet, caf\u00e9t\u00e9ria, sanitaires) ouvert plus de 50 heures par semaine.<br \/>\nNous vous donnons acc\u00e8s \u00e0 des services particuliers pour simplifier votre passage : caf\u00e9t\u00e9ria, imprimantes-copieurs, prises \u00e9lectriques pour vos recharges de portables, wifi, automates de pr\u00eats et de retours, scanners, mat\u00e9riel de r\u00e9union.<br \/>\nNous vous offrons une information constamment actualis\u00e9e sur notre site internet. : <a href=\"http:\/\/www.wamabi.be\" target=\"_blank\" rel=\"noopener\">www.wamabi.be<\/a> et via les r\u00e9seaux sociaux : <a href=\"http:\/\/www.facebook.com\/WaimesMalmedy\" target=\"_blank\" rel=\"noopener\">Facebook<\/a> et <a href=\"https:\/\/twitter.com\/wamabi\" target=\"_blank\" rel=\"noopener\">Twitter.<\/a><br \/>\nNous vous permettons d\u2019accomplir certaines d\u00e9marches \u00e0 distance :<br \/>\nRenseignements, informations rapides (pas d\u2019envoi de documents) par t\u00e9l : 080\/79.99.30 &#8211; par courriel (r\u00e9ponse sous 72h &#8211; 3 jours ouvr\u00e9s): <a href=\"mailto:malmedy@wamabi.be\" target=\"_blank\" rel=\"noopener\">malmedy@wamabi.be<\/a> et\/ou <a href=\"mailto:waimes@wamabi.be\" target=\"_blank\" rel=\"noopener\">waimes@wamabi.be<\/a> &#8211; via les r\u00e9seaux sociaux : <a href=\"http:\/\/www.wamabi.be\" target=\"_blank\" rel=\"noopener\">Facebook<\/a> et <a href=\"https:\/\/twitter.com\/wamabi\" target=\"_blank\" rel=\"noopener\">Twitter <\/a>\u2014\u00a0via le <a href=\"http:\/\/wamabi.be\/site\/?page_id=2875\" target=\"_blank\" rel=\"noopener\">formulaire de contact<\/a> sur <a href=\"http:\/\/wamabi.be\/site\/?page_id=2875\" target=\"_blank\" rel=\"noopener\">www.wamabi.be<\/a><br \/>\nInscription (y compris \u00e0 la biblioth\u00e8que num\u00e9rique) via le <a href=\"http:\/\/wamabi.be\/site\/?page_id=4290\" target=\"_blank\" rel=\"noopener\">formulaire en ligne<\/a> sur <a href=\"http:\/\/wamabi.be\/site\/?page_id=4290\" target=\"_blank\" rel=\"noopener\">www.wamabi.be<\/a><br \/>\nR\u00e9servation, prolongation, consultation de votre compte via code d\u2019acc\u00e8s.<br \/>\nEnvoi de documents \u00e0 vos frais.<\/p>\n<p><a href=\"http:\/\/wamabi.be\/site\/wp-content\/Charte.pdf\" rel=\"\">Charte d&rsquo;accueil<\/a><\/p>\n","protected":false},"excerpt":{"rendered":"<p>\u00ab\u00a0Vous avez choisi d\u2019utiliser les services de Wamabi, le r\u00e9seau des biblioth\u00e8ques de Waimes et Malmedy? Nous vous remercions de cette confiance et nous nous engageons \u00e0 bien vous accueillir.\u00a0\u00bb NOS ENGAGEMENTS : Nous vous accueillons avec plaisir et vous informons sur la multiplicit\u00e9 de nos services. Nous \u00e9coutons avec attention vos besoins et nous [&hellip;]<\/p>\n","protected":false},"author":6,"featured_media":0,"parent":0,"menu_order":0,"comment_status":"closed","ping_status":"closed","template":"","meta":{"_seopress_robots_primary_cat":"","_seopress_titles_title":"","_seopress_titles_desc":"","_seopress_robots_index":"","footnotes":""},"class_list":["post-8238","page","type-page","status-publish","czr-hentry"],"yoast_head":"<!-- This site is optimized with the Yoast SEO plugin v27.4 - https:\/\/yoast.com\/product\/yoast-seo-wordpress\/ -->\n<title>Charte d&#039;accueil - Wamabi<\/title>\n<meta name=\"robots\" content=\"index, follow, max-snippet:-1, max-image-preview:large, max-video-preview:-1\" \/>\n<link rel=\"canonical\" href=\"https:\/\/wamabi.be\/site\/charte\/\" \/>\n<meta property=\"og:locale\" content=\"fr_FR\" \/>\n<meta property=\"og:type\" content=\"article\" \/>\n<meta property=\"og:title\" content=\"Charte d&#039;accueil - Wamabi\" \/>\n<meta property=\"og:description\" content=\"\u00ab\u00a0Vous avez choisi d\u2019utiliser les services de Wamabi, le r\u00e9seau des biblioth\u00e8ques de Waimes et Malmedy? Nous vous remercions de cette confiance et nous nous engageons \u00e0 bien vous accueillir.\u00a0\u00bb NOS ENGAGEMENTS : Nous vous accueillons avec plaisir et vous informons sur la multiplicit\u00e9 de nos services. Nous \u00e9coutons avec attention vos besoins et nous [&hellip;]\" \/>\n<meta property=\"og:url\" content=\"https:\/\/wamabi.be\/site\/charte\/\" \/>\n<meta property=\"og:site_name\" content=\"Wamabi\" \/>\n<meta property=\"article:modified_time\" content=\"2022-09-06T14:00:10+00:00\" \/>\n<meta property=\"og:image\" content=\"http:\/\/wamabi.be\/site\/wp-content\/Photo-075-300x225.jpg\" \/>\n<meta name=\"twitter:card\" content=\"summary_large_image\" \/>\n<meta name=\"twitter:label1\" content=\"Dur\u00e9e de lecture estim\u00e9e\" \/>\n\t<meta name=\"twitter:data1\" content=\"3 minutes\" \/>\n<script type=\"application\/ld+json\" class=\"yoast-schema-graph\">{\"@context\":\"https:\\\/\\\/schema.org\",\"@graph\":[{\"@type\":\"WebPage\",\"@id\":\"https:\\\/\\\/wamabi.be\\\/site\\\/charte\\\/\",\"url\":\"https:\\\/\\\/wamabi.be\\\/site\\\/charte\\\/\",\"name\":\"Charte d'accueil - Wamabi\",\"isPartOf\":{\"@id\":\"https:\\\/\\\/wamabi.be\\\/site\\\/#website\"},\"primaryImageOfPage\":{\"@id\":\"https:\\\/\\\/wamabi.be\\\/site\\\/charte\\\/#primaryimage\"},\"image\":{\"@id\":\"https:\\\/\\\/wamabi.be\\\/site\\\/charte\\\/#primaryimage\"},\"thumbnailUrl\":\"http:\\\/\\\/wamabi.be\\\/site\\\/wp-content\\\/Photo-075-300x225.jpg\",\"datePublished\":\"2016-03-29T12:34:56+00:00\",\"dateModified\":\"2022-09-06T14:00:10+00:00\",\"breadcrumb\":{\"@id\":\"https:\\\/\\\/wamabi.be\\\/site\\\/charte\\\/#breadcrumb\"},\"inLanguage\":\"fr-FR\",\"potentialAction\":[{\"@type\":\"ReadAction\",\"target\":[\"https:\\\/\\\/wamabi.be\\\/site\\\/charte\\\/\"]}]},{\"@type\":\"ImageObject\",\"inLanguage\":\"fr-FR\",\"@id\":\"https:\\\/\\\/wamabi.be\\\/site\\\/charte\\\/#primaryimage\",\"url\":\"https:\\\/\\\/wamabi.be\\\/site\\\/wp-content\\\/Photo-075.jpg\",\"contentUrl\":\"https:\\\/\\\/wamabi.be\\\/site\\\/wp-content\\\/Photo-075.jpg\",\"width\":1024,\"height\":768,\"caption\":\"Raoni en visite \u00e0 la biblioth\u00e8que de Malmedy - \u00a9Wamabi\"},{\"@type\":\"BreadcrumbList\",\"@id\":\"https:\\\/\\\/wamabi.be\\\/site\\\/charte\\\/#breadcrumb\",\"itemListElement\":[{\"@type\":\"ListItem\",\"position\":1,\"name\":\"Accueil\",\"item\":\"https:\\\/\\\/wamabi.be\\\/site\\\/\"},{\"@type\":\"ListItem\",\"position\":2,\"name\":\"Charte d&rsquo;accueil\"}]},{\"@type\":\"WebSite\",\"@id\":\"https:\\\/\\\/wamabi.be\\\/site\\\/#website\",\"url\":\"https:\\\/\\\/wamabi.be\\\/site\\\/\",\"name\":\"Wamabi\",\"description\":\"Wamabi - Biblioth\u00e8ques de Waimes et de Malmedy\",\"publisher\":{\"@id\":\"https:\\\/\\\/wamabi.be\\\/site\\\/#organization\"},\"potentialAction\":[{\"@type\":\"SearchAction\",\"target\":{\"@type\":\"EntryPoint\",\"urlTemplate\":\"https:\\\/\\\/wamabi.be\\\/site\\\/?s={search_term_string}\"},\"query-input\":{\"@type\":\"PropertyValueSpecification\",\"valueRequired\":true,\"valueName\":\"search_term_string\"}}],\"inLanguage\":\"fr-FR\"},{\"@type\":\"Organization\",\"@id\":\"https:\\\/\\\/wamabi.be\\\/site\\\/#organization\",\"name\":\"Wamabi\",\"url\":\"https:\\\/\\\/wamabi.be\\\/site\\\/\",\"logo\":{\"@type\":\"ImageObject\",\"inLanguage\":\"fr-FR\",\"@id\":\"https:\\\/\\\/wamabi.be\\\/site\\\/#\\\/schema\\\/logo\\\/image\\\/\",\"url\":\"https:\\\/\\\/wamabi.be\\\/site\\\/wp-content\\\/cropped-cropped-Dragon-noir-et-blanc-transparent-carre-1.png\",\"contentUrl\":\"https:\\\/\\\/wamabi.be\\\/site\\\/wp-content\\\/cropped-cropped-Dragon-noir-et-blanc-transparent-carre-1.png\",\"width\":2321,\"height\":2321,\"caption\":\"Wamabi\"},\"image\":{\"@id\":\"https:\\\/\\\/wamabi.be\\\/site\\\/#\\\/schema\\\/logo\\\/image\\\/\"}}]}<\/script>\n<!-- \/ Yoast SEO plugin. -->","yoast_head_json":{"title":"Charte d'accueil - Wamabi","robots":{"index":"index","follow":"follow","max-snippet":"max-snippet:-1","max-image-preview":"max-image-preview:large","max-video-preview":"max-video-preview:-1"},"canonical":"https:\/\/wamabi.be\/site\/charte\/","og_locale":"fr_FR","og_type":"article","og_title":"Charte d'accueil - Wamabi","og_description":"\u00ab\u00a0Vous avez choisi d\u2019utiliser les services de Wamabi, le r\u00e9seau des biblioth\u00e8ques de Waimes et Malmedy? Nous vous remercions de cette confiance et nous nous engageons \u00e0 bien vous accueillir.\u00a0\u00bb NOS ENGAGEMENTS : Nous vous accueillons avec plaisir et vous informons sur la multiplicit\u00e9 de nos services. Nous \u00e9coutons avec attention vos besoins et nous [&hellip;]","og_url":"https:\/\/wamabi.be\/site\/charte\/","og_site_name":"Wamabi","article_modified_time":"2022-09-06T14:00:10+00:00","og_image":[{"url":"http:\/\/wamabi.be\/site\/wp-content\/Photo-075-300x225.jpg","type":"","width":"","height":""}],"twitter_card":"summary_large_image","twitter_misc":{"Dur\u00e9e de lecture estim\u00e9e":"3 minutes"},"schema":{"@context":"https:\/\/schema.org","@graph":[{"@type":"WebPage","@id":"https:\/\/wamabi.be\/site\/charte\/","url":"https:\/\/wamabi.be\/site\/charte\/","name":"Charte d'accueil - Wamabi","isPartOf":{"@id":"https:\/\/wamabi.be\/site\/#website"},"primaryImageOfPage":{"@id":"https:\/\/wamabi.be\/site\/charte\/#primaryimage"},"image":{"@id":"https:\/\/wamabi.be\/site\/charte\/#primaryimage"},"thumbnailUrl":"http:\/\/wamabi.be\/site\/wp-content\/Photo-075-300x225.jpg","datePublished":"2016-03-29T12:34:56+00:00","dateModified":"2022-09-06T14:00:10+00:00","breadcrumb":{"@id":"https:\/\/wamabi.be\/site\/charte\/#breadcrumb"},"inLanguage":"fr-FR","potentialAction":[{"@type":"ReadAction","target":["https:\/\/wamabi.be\/site\/charte\/"]}]},{"@type":"ImageObject","inLanguage":"fr-FR","@id":"https:\/\/wamabi.be\/site\/charte\/#primaryimage","url":"https:\/\/wamabi.be\/site\/wp-content\/Photo-075.jpg","contentUrl":"https:\/\/wamabi.be\/site\/wp-content\/Photo-075.jpg","width":1024,"height":768,"caption":"Raoni en visite \u00e0 la biblioth\u00e8que de Malmedy - \u00a9Wamabi"},{"@type":"BreadcrumbList","@id":"https:\/\/wamabi.be\/site\/charte\/#breadcrumb","itemListElement":[{"@type":"ListItem","position":1,"name":"Accueil","item":"https:\/\/wamabi.be\/site\/"},{"@type":"ListItem","position":2,"name":"Charte d&rsquo;accueil"}]},{"@type":"WebSite","@id":"https:\/\/wamabi.be\/site\/#website","url":"https:\/\/wamabi.be\/site\/","name":"Wamabi","description":"Wamabi - Biblioth\u00e8ques de Waimes et de Malmedy","publisher":{"@id":"https:\/\/wamabi.be\/site\/#organization"},"potentialAction":[{"@type":"SearchAction","target":{"@type":"EntryPoint","urlTemplate":"https:\/\/wamabi.be\/site\/?s={search_term_string}"},"query-input":{"@type":"PropertyValueSpecification","valueRequired":true,"valueName":"search_term_string"}}],"inLanguage":"fr-FR"},{"@type":"Organization","@id":"https:\/\/wamabi.be\/site\/#organization","name":"Wamabi","url":"https:\/\/wamabi.be\/site\/","logo":{"@type":"ImageObject","inLanguage":"fr-FR","@id":"https:\/\/wamabi.be\/site\/#\/schema\/logo\/image\/","url":"https:\/\/wamabi.be\/site\/wp-content\/cropped-cropped-Dragon-noir-et-blanc-transparent-carre-1.png","contentUrl":"https:\/\/wamabi.be\/site\/wp-content\/cropped-cropped-Dragon-noir-et-blanc-transparent-carre-1.png","width":2321,"height":2321,"caption":"Wamabi"},"image":{"@id":"https:\/\/wamabi.be\/site\/#\/schema\/logo\/image\/"}}]}},"_links":{"self":[{"href":"https:\/\/wamabi.be\/site\/wp-json\/wp\/v2\/pages\/8238","targetHints":{"allow":["GET"]}}],"collection":[{"href":"https:\/\/wamabi.be\/site\/wp-json\/wp\/v2\/pages"}],"about":[{"href":"https:\/\/wamabi.be\/site\/wp-json\/wp\/v2\/types\/page"}],"author":[{"embeddable":true,"href":"https:\/\/wamabi.be\/site\/wp-json\/wp\/v2\/users\/6"}],"replies":[{"embeddable":true,"href":"https:\/\/wamabi.be\/site\/wp-json\/wp\/v2\/comments?post=8238"}],"version-history":[{"count":6,"href":"https:\/\/wamabi.be\/site\/wp-json\/wp\/v2\/pages\/8238\/revisions"}],"predecessor-version":[{"id":12652,"href":"https:\/\/wamabi.be\/site\/wp-json\/wp\/v2\/pages\/8238\/revisions\/12652"}],"wp:attachment":[{"href":"https:\/\/wamabi.be\/site\/wp-json\/wp\/v2\/media?parent=8238"}],"curies":[{"name":"wp","href":"https:\/\/api.w.org\/{rel}","templated":true}]}}