{"id":7384,"date":"2015-08-18T10:03:47","date_gmt":"2015-08-18T09:03:47","guid":{"rendered":"http:\/\/wamabi.be\/site\/?page_id=7384"},"modified":"2024-05-17T08:04:10","modified_gmt":"2024-05-17T07:04:10","slug":"eurekoi","status":"publish","type":"page","link":"https:\/\/wamabi.be\/site\/eurekoi\/","title":{"rendered":"Eur\u00eakoi"},"content":{"rendered":"<p><em>Eur\u00eakoi &#8211; Il suffit de demander&#8230;<\/em><\/p>\n<p><b>Une question ? Vos biblioth\u00e9caires vous r\u00e9pondent en moins de 72h, service gratuit.<br \/>\n<\/b><\/p>\n<p><a href=\"http:\/\/wamabi.be\/site\/wp-content\/eurekoi.png\"><img loading=\"lazy\" decoding=\"async\" class=\"alignnone wp-image-6767 size-full\" src=\"http:\/\/wamabi.be\/site\/wp-content\/eurekoi.png\" alt=\"eurekoi\" width=\"547\" height=\"285\" srcset=\"https:\/\/wamabi.be\/site\/wp-content\/eurekoi.png 547w, https:\/\/wamabi.be\/site\/wp-content\/eurekoi-300x156.png 300w\" sizes=\"auto, (max-width: 547px) 100vw, 547px\" \/><\/a><\/p>\n<p>Envie de poser une question \u00e0 un biblioth\u00e9caire? <a href=\"http:\/\/www.eurekoi.org\/\" target=\"_blank\" rel=\"noopener\">EUR\u00caKOI<\/a> est fait pour \u00e7a! C&rsquo;est un service de r\u00e9ponse \u00e0 distance en r\u00e9seau qui compte une cinquantaine de biblioth\u00e8ques belges et fran\u00e7aises qui mettent en commun leurs comp\u00e9tences et leurs ressources pour offrir au public des r\u00e9ponses gratuites, en 72h maximum<\/p>\n<p>Les biblioth\u00e9caires r\u00e9pondent \u00e0 toutes les questions, sauf celles impliquant un diagnostic m\u00e9dical ou juridique.<\/p>\n<p><iframe title=\"bpi eur\u00eakoi\" src=\"https:\/\/www.eurekoi.org\/wp-content\/themes\/neve-child-master\/bpi-carrousel-v2\/default\/iframe-250x250.html?via=https:\/\/eurekoi.typeform.com\/to\/rIEefF7o?via=malmedyradis\" height=\"358\"><\/iframe><\/p>\n<p>QUI PEUT POSER UNE QUESTION ?<br \/>\nTout le monde! Eur\u00eakoi est un service public gratuit et ouvert \u00e0 tous.<\/p>\n<p>COMMENT POSER UNE QUESTION ?<br \/>\nEn vous rendant sur le <a href=\"https:\/\/eurekoi.typeform.com\/to\/rIEefF7o?via=malmedyradis\" target=\"_blank\" rel=\"noopener\">formulaire<\/a> ou sur le site <a href=\"http:\/\/l.facebook.com\/l.php?u=http%3A%2F%2Fwww.eurekoi.org%2F&amp;h=pAQFtEzRj&amp;enc=AZPJyB8DfkKdcbk6gOZsCj2s_S0ClhOeUXPnl37fI4R8zqPCghEDsYyOisCrdPpKrofMu6NWjW5eXzVnspwC0dwtwNhc_WhVDnUOqdN-6xS_qHpm-5GeLnDVgW7dXsx2nlGn0zzvuJ929r-ilw4ocqzhvoXcmXdtON8uqN2zqZmi7g&amp;s=1\" target=\"_blank\" rel=\"nofollow noopener\">www.eurekoi.org<\/a><\/p>\n<p>QUI R\u00c9POND ?<br \/>\nNous sommes 150 biblioth\u00e9caires form\u00e9s \u00e0 la recherche documentaire sur internet et au sein de bases de contenus sp\u00e9cialis\u00e9es. Nous tenterons par tous les moyens de trouver des r\u00e9ponses \u00e0 vos questions.<br \/>\nLe r\u00e9seau Eur\u00eakoi est constitu\u00e9 de 26 biblioth\u00e8ques situ\u00e9es en France et 21 biblioth\u00e8ques de la F\u00e9d\u00e9ration Wallonie-Bruxelles. Chaque biblioth\u00e8que a une sp\u00e9cialit\u00e9 et nous nous occupons de trouver le meilleur interlocuteur en fonction de votre question.<\/p>\n<p>DANS QUEL D\u00c9LAI ?<br \/>\nNous r\u00e9pondons en trois jours maximum. Aucune question n\u2019est laiss\u00e9e sans r\u00e9ponse. Parfois un petit d\u00e9lai est n\u00e9cessaire pour vous r\u00e9pondre, soyez indulgents \ud83d\ude42<\/p>\n<p>QUELS TYPES DE QUESTIONS PUIS-JE POSER ?<br \/>\nVous pouvez nous poser des questions sur tous les sujets (mais nous ne faisons pas de consultations juridiques ou m\u00e9dicales). Il peut s\u2019agir de recherches d\u2019informations ou de documents, demandes de localisations ou d\u2019orientations, de renseignements ponctuels\u2026<br \/>\nNous fournissons nos sources et la m\u00e9thode de recherche utilis\u00e9e, vous pouvez \u00e9galement consulter nos Guides du savoir-trouver pour vous am\u00e9liorer et apprendre \u00e0 trouver l\u2019information que vous cherchez. Nous les publions r\u00e9guli\u00e8rement dans ce groupe.<\/p>\n<p>CE QU\u2019EUR\u00caKOI NE FERA PAS :<br \/>\ndes consultations juridiques ou m\u00e9dicales<br \/>\ndes r\u00e9ponses d\u00e9velopp\u00e9es \u00e0 des questions de concours ou \u00e0 des dissertations (mais nous proposons des pistes bibliographiques et des r\u00e9f\u00e9rences en ligne)<br \/>\ndes bibliographies exhaustives<br \/>\ndes r\u00e9ponses \u00e0 des demandes trop sp\u00e9cialis\u00e9es (elles feront l\u2019objet d\u2019une r\u00e9orientation vers des interlocuteurs sp\u00e9cialis\u00e9s)<br \/>\nL\u2019envoi postal de documents (livres, photocopies\u2026)<\/p>\n<p>MES QUESTIONS SONT-ELLES ANONYMES?<br \/>\nLorsque vous posez une question dans notre groupe Facebook la question reste attach\u00e9e \u00e0 votre profil dans ce r\u00e9seau social et doit \u00eatre conforme \u00e0 ses conditions d\u2019utilisation.<br \/>\nVos questions pos\u00e9es depuis un formulaire sur le site <a href=\"http:\/\/www.eurekoi.org\/\" target=\"_blank\" rel=\"nofollow noopener\">eurekoi.org<\/a> le sont de mani\u00e8re anonyme puisque nous n\u2019avons que votre adresse de courriel, mais nous nous r\u00e9servons le droit de les publier sans mentionner votre adresse de courriel pour qu\u2019elles puissent servir \u00e0 d\u2019autres internautes.<\/p>\n","protected":false},"excerpt":{"rendered":"<p>Eur\u00eakoi &#8211; Il suffit de demander&#8230; Une question ? Vos biblioth\u00e9caires vous r\u00e9pondent en moins de 72h, service gratuit. Envie de poser une question \u00e0 un biblioth\u00e9caire? EUR\u00caKOI est fait pour \u00e7a! C&rsquo;est un service de r\u00e9ponse \u00e0 distance en r\u00e9seau qui compte une cinquantaine de biblioth\u00e8ques belges et fran\u00e7aises qui mettent en commun leurs [&hellip;]<\/p>\n","protected":false},"author":6,"featured_media":0,"parent":0,"menu_order":0,"comment_status":"closed","ping_status":"closed","template":"","meta":{"_seopress_robots_primary_cat":"","_seopress_titles_title":"","_seopress_titles_desc":"","_seopress_robots_index":"","footnotes":""},"class_list":["post-7384","page","type-page","status-publish","czr-hentry"],"yoast_head":"<!-- This site is optimized with the Yoast SEO plugin v27.3 - https:\/\/yoast.com\/product\/yoast-seo-wordpress\/ -->\n<title>Eur\u00eakoi - Wamabi<\/title>\n<meta name=\"robots\" content=\"index, follow, max-snippet:-1, max-image-preview:large, max-video-preview:-1\" \/>\n<link rel=\"canonical\" href=\"https:\/\/wamabi.be\/site\/eurekoi\/\" \/>\n<meta property=\"og:locale\" content=\"fr_FR\" \/>\n<meta property=\"og:type\" content=\"article\" \/>\n<meta property=\"og:title\" content=\"Eur\u00eakoi - Wamabi\" \/>\n<meta property=\"og:description\" content=\"Eur\u00eakoi &#8211; Il suffit de demander&#8230; Une question ? Vos biblioth\u00e9caires vous r\u00e9pondent en moins de 72h, service gratuit. Envie de poser une question \u00e0 un biblioth\u00e9caire? EUR\u00caKOI est fait pour \u00e7a! C&rsquo;est un service de r\u00e9ponse \u00e0 distance en r\u00e9seau qui compte une cinquantaine de biblioth\u00e8ques belges et fran\u00e7aises qui mettent en commun leurs [&hellip;]\" \/>\n<meta property=\"og:url\" content=\"https:\/\/wamabi.be\/site\/eurekoi\/\" \/>\n<meta property=\"og:site_name\" content=\"Wamabi\" \/>\n<meta property=\"article:modified_time\" content=\"2024-05-17T07:04:10+00:00\" \/>\n<meta property=\"og:image\" content=\"http:\/\/wamabi.be\/site\/wp-content\/eurekoi.png\" \/>\n<meta name=\"twitter:card\" content=\"summary_large_image\" \/>\n<meta name=\"twitter:label1\" content=\"Dur\u00e9e de lecture estim\u00e9e\" \/>\n\t<meta name=\"twitter:data1\" content=\"3 minutes\" \/>\n<script type=\"application\/ld+json\" class=\"yoast-schema-graph\">{\"@context\":\"https:\\\/\\\/schema.org\",\"@graph\":[{\"@type\":\"WebPage\",\"@id\":\"https:\\\/\\\/wamabi.be\\\/site\\\/eurekoi\\\/\",\"url\":\"https:\\\/\\\/wamabi.be\\\/site\\\/eurekoi\\\/\",\"name\":\"Eur\u00eakoi - Wamabi\",\"isPartOf\":{\"@id\":\"https:\\\/\\\/wamabi.be\\\/site\\\/#website\"},\"primaryImageOfPage\":{\"@id\":\"https:\\\/\\\/wamabi.be\\\/site\\\/eurekoi\\\/#primaryimage\"},\"image\":{\"@id\":\"https:\\\/\\\/wamabi.be\\\/site\\\/eurekoi\\\/#primaryimage\"},\"thumbnailUrl\":\"http:\\\/\\\/wamabi.be\\\/site\\\/wp-content\\\/eurekoi.png\",\"datePublished\":\"2015-08-18T09:03:47+00:00\",\"dateModified\":\"2024-05-17T07:04:10+00:00\",\"breadcrumb\":{\"@id\":\"https:\\\/\\\/wamabi.be\\\/site\\\/eurekoi\\\/#breadcrumb\"},\"inLanguage\":\"fr-FR\",\"potentialAction\":[{\"@type\":\"ReadAction\",\"target\":[\"https:\\\/\\\/wamabi.be\\\/site\\\/eurekoi\\\/\"]}]},{\"@type\":\"ImageObject\",\"inLanguage\":\"fr-FR\",\"@id\":\"https:\\\/\\\/wamabi.be\\\/site\\\/eurekoi\\\/#primaryimage\",\"url\":\"http:\\\/\\\/wamabi.be\\\/site\\\/wp-content\\\/eurekoi.png\",\"contentUrl\":\"http:\\\/\\\/wamabi.be\\\/site\\\/wp-content\\\/eurekoi.png\"},{\"@type\":\"BreadcrumbList\",\"@id\":\"https:\\\/\\\/wamabi.be\\\/site\\\/eurekoi\\\/#breadcrumb\",\"itemListElement\":[{\"@type\":\"ListItem\",\"position\":1,\"name\":\"Accueil\",\"item\":\"https:\\\/\\\/wamabi.be\\\/site\\\/\"},{\"@type\":\"ListItem\",\"position\":2,\"name\":\"Eur\u00eakoi\"}]},{\"@type\":\"WebSite\",\"@id\":\"https:\\\/\\\/wamabi.be\\\/site\\\/#website\",\"url\":\"https:\\\/\\\/wamabi.be\\\/site\\\/\",\"name\":\"Wamabi\",\"description\":\"Wamabi - Biblioth\u00e8ques de Waimes et de Malmedy\",\"publisher\":{\"@id\":\"https:\\\/\\\/wamabi.be\\\/site\\\/#organization\"},\"potentialAction\":[{\"@type\":\"SearchAction\",\"target\":{\"@type\":\"EntryPoint\",\"urlTemplate\":\"https:\\\/\\\/wamabi.be\\\/site\\\/?s={search_term_string}\"},\"query-input\":{\"@type\":\"PropertyValueSpecification\",\"valueRequired\":true,\"valueName\":\"search_term_string\"}}],\"inLanguage\":\"fr-FR\"},{\"@type\":\"Organization\",\"@id\":\"https:\\\/\\\/wamabi.be\\\/site\\\/#organization\",\"name\":\"Wamabi\",\"url\":\"https:\\\/\\\/wamabi.be\\\/site\\\/\",\"logo\":{\"@type\":\"ImageObject\",\"inLanguage\":\"fr-FR\",\"@id\":\"https:\\\/\\\/wamabi.be\\\/site\\\/#\\\/schema\\\/logo\\\/image\\\/\",\"url\":\"https:\\\/\\\/wamabi.be\\\/site\\\/wp-content\\\/cropped-cropped-Dragon-noir-et-blanc-transparent-carre-1.png\",\"contentUrl\":\"https:\\\/\\\/wamabi.be\\\/site\\\/wp-content\\\/cropped-cropped-Dragon-noir-et-blanc-transparent-carre-1.png\",\"width\":2321,\"height\":2321,\"caption\":\"Wamabi\"},\"image\":{\"@id\":\"https:\\\/\\\/wamabi.be\\\/site\\\/#\\\/schema\\\/logo\\\/image\\\/\"}}]}<\/script>\n<!-- \/ Yoast SEO plugin. -->","yoast_head_json":{"title":"Eur\u00eakoi - Wamabi","robots":{"index":"index","follow":"follow","max-snippet":"max-snippet:-1","max-image-preview":"max-image-preview:large","max-video-preview":"max-video-preview:-1"},"canonical":"https:\/\/wamabi.be\/site\/eurekoi\/","og_locale":"fr_FR","og_type":"article","og_title":"Eur\u00eakoi - Wamabi","og_description":"Eur\u00eakoi &#8211; Il suffit de demander&#8230; Une question ? Vos biblioth\u00e9caires vous r\u00e9pondent en moins de 72h, service gratuit. Envie de poser une question \u00e0 un biblioth\u00e9caire? EUR\u00caKOI est fait pour \u00e7a! C&rsquo;est un service de r\u00e9ponse \u00e0 distance en r\u00e9seau qui compte une cinquantaine de biblioth\u00e8ques belges et fran\u00e7aises qui mettent en commun leurs [&hellip;]","og_url":"https:\/\/wamabi.be\/site\/eurekoi\/","og_site_name":"Wamabi","article_modified_time":"2024-05-17T07:04:10+00:00","og_image":[{"url":"http:\/\/wamabi.be\/site\/wp-content\/eurekoi.png","type":"","width":"","height":""}],"twitter_card":"summary_large_image","twitter_misc":{"Dur\u00e9e de lecture estim\u00e9e":"3 minutes"},"schema":{"@context":"https:\/\/schema.org","@graph":[{"@type":"WebPage","@id":"https:\/\/wamabi.be\/site\/eurekoi\/","url":"https:\/\/wamabi.be\/site\/eurekoi\/","name":"Eur\u00eakoi - Wamabi","isPartOf":{"@id":"https:\/\/wamabi.be\/site\/#website"},"primaryImageOfPage":{"@id":"https:\/\/wamabi.be\/site\/eurekoi\/#primaryimage"},"image":{"@id":"https:\/\/wamabi.be\/site\/eurekoi\/#primaryimage"},"thumbnailUrl":"http:\/\/wamabi.be\/site\/wp-content\/eurekoi.png","datePublished":"2015-08-18T09:03:47+00:00","dateModified":"2024-05-17T07:04:10+00:00","breadcrumb":{"@id":"https:\/\/wamabi.be\/site\/eurekoi\/#breadcrumb"},"inLanguage":"fr-FR","potentialAction":[{"@type":"ReadAction","target":["https:\/\/wamabi.be\/site\/eurekoi\/"]}]},{"@type":"ImageObject","inLanguage":"fr-FR","@id":"https:\/\/wamabi.be\/site\/eurekoi\/#primaryimage","url":"http:\/\/wamabi.be\/site\/wp-content\/eurekoi.png","contentUrl":"http:\/\/wamabi.be\/site\/wp-content\/eurekoi.png"},{"@type":"BreadcrumbList","@id":"https:\/\/wamabi.be\/site\/eurekoi\/#breadcrumb","itemListElement":[{"@type":"ListItem","position":1,"name":"Accueil","item":"https:\/\/wamabi.be\/site\/"},{"@type":"ListItem","position":2,"name":"Eur\u00eakoi"}]},{"@type":"WebSite","@id":"https:\/\/wamabi.be\/site\/#website","url":"https:\/\/wamabi.be\/site\/","name":"Wamabi","description":"Wamabi - Biblioth\u00e8ques de Waimes et de Malmedy","publisher":{"@id":"https:\/\/wamabi.be\/site\/#organization"},"potentialAction":[{"@type":"SearchAction","target":{"@type":"EntryPoint","urlTemplate":"https:\/\/wamabi.be\/site\/?s={search_term_string}"},"query-input":{"@type":"PropertyValueSpecification","valueRequired":true,"valueName":"search_term_string"}}],"inLanguage":"fr-FR"},{"@type":"Organization","@id":"https:\/\/wamabi.be\/site\/#organization","name":"Wamabi","url":"https:\/\/wamabi.be\/site\/","logo":{"@type":"ImageObject","inLanguage":"fr-FR","@id":"https:\/\/wamabi.be\/site\/#\/schema\/logo\/image\/","url":"https:\/\/wamabi.be\/site\/wp-content\/cropped-cropped-Dragon-noir-et-blanc-transparent-carre-1.png","contentUrl":"https:\/\/wamabi.be\/site\/wp-content\/cropped-cropped-Dragon-noir-et-blanc-transparent-carre-1.png","width":2321,"height":2321,"caption":"Wamabi"},"image":{"@id":"https:\/\/wamabi.be\/site\/#\/schema\/logo\/image\/"}}]}},"_links":{"self":[{"href":"https:\/\/wamabi.be\/site\/wp-json\/wp\/v2\/pages\/7384","targetHints":{"allow":["GET"]}}],"collection":[{"href":"https:\/\/wamabi.be\/site\/wp-json\/wp\/v2\/pages"}],"about":[{"href":"https:\/\/wamabi.be\/site\/wp-json\/wp\/v2\/types\/page"}],"author":[{"embeddable":true,"href":"https:\/\/wamabi.be\/site\/wp-json\/wp\/v2\/users\/6"}],"replies":[{"embeddable":true,"href":"https:\/\/wamabi.be\/site\/wp-json\/wp\/v2\/comments?post=7384"}],"version-history":[{"count":27,"href":"https:\/\/wamabi.be\/site\/wp-json\/wp\/v2\/pages\/7384\/revisions"}],"predecessor-version":[{"id":13622,"href":"https:\/\/wamabi.be\/site\/wp-json\/wp\/v2\/pages\/7384\/revisions\/13622"}],"wp:attachment":[{"href":"https:\/\/wamabi.be\/site\/wp-json\/wp\/v2\/media?parent=7384"}],"curies":[{"name":"wp","href":"https:\/\/api.w.org\/{rel}","templated":true}]}}