{"id":7379,"date":"2015-08-18T10:02:12","date_gmt":"2015-08-18T09:02:12","guid":{"rendered":"http:\/\/wamabi.be\/site\/?page_id=7379"},"modified":"2023-04-26T17:04:20","modified_gmt":"2023-04-26T16:04:20","slug":"pressbanking","status":"publish","type":"page","link":"https:\/\/wamabi.be\/site\/pressbanking\/","title":{"rendered":"Belgapress"},"content":{"rendered":"<p><a href=\"https:\/\/wamabi.be\/site\/wp-content\/0810755a-cb6d-4481-877a-6d36f4dc9348.jpeg\"><img loading=\"lazy\" decoding=\"async\" class=\"alignnone size-medium wp-image-13007\" src=\"https:\/\/wamabi.be\/site\/wp-content\/0810755a-cb6d-4481-877a-6d36f4dc9348-300x83.jpeg\" alt=\"\" width=\"300\" height=\"83\" srcset=\"https:\/\/wamabi.be\/site\/wp-content\/0810755a-cb6d-4481-877a-6d36f4dc9348-300x83.jpeg 300w, https:\/\/wamabi.be\/site\/wp-content\/0810755a-cb6d-4481-877a-6d36f4dc9348.jpeg 474w\" sizes=\"auto, (max-width: 300px) 100vw, 300px\" \/><\/a><\/p>\n<p>Le site <a href=\"https:\/\/web.belga.press\/explore\/kiosk\">Belgapress<\/a> offre l&rsquo;acc\u00e8s \u00e0 un vaste panel de sources d&rsquo;information et permet la consultation, en ligne, d&rsquo;un grand nombre de titres de journaux et magazines d\u2019information, francophones, n\u00e9erlandophones ou germanophones.<\/p>\n<header><\/header>\n<div id=\"content-core\">\n<div id=\"parent-fieldname-text\">\n<p>Belgapress est le portail de presse en ligne des \u00e9diteurs belges de journaux et de magazines d\u2019information, francophones, n\u00e9erlandophones ou germanophones. L&rsquo;acc\u00e8s \u00e0 ce service est gratuit dans les biblioth\u00e8ques du r\u00e9seau.<\/p>\n<p>Les journaux consultables sont les suivants\u00a0:<\/p>\n<ul>\n<li>L\u2019Avenir<\/li>\n<li>Le Soir<\/li>\n<li>La Libre Belgique<\/li>\n<li>La Derni\u00e8re heure\/Les Sports<\/li>\n<li>L\u2019Echo<\/li>\n<li>La Meuse\/La Nouvelle Gazette<\/li>\n<li>M\u00e9tro<\/li>\n<\/ul>\n<p>Les magazines consultables sont\u00a0:<\/p>\n<ul>\n<li>Cin\u00e9-T\u00e9l\u00e9-Revue<\/li>\n<li>Data News<\/li>\n<li>Femmes d\u2019aujourd\u2019hui<\/li>\n<li>Nest<\/li>\n<li>Flair<\/li>\n<li>Ga\u00ebl<\/li>\n<li>Imagine<\/li>\n<li>JDE<\/li>\n<li>Le Vif\/l\u2019Express<\/li>\n<li>M&amp;C<\/li>\n<li>Le Moniteur de l&rsquo;automobile<\/li>\n<li>T\u00e9l\u00e9moustique<\/li>\n<li>NG<\/li>\n<li>Paris Match<\/li>\n<li>Plus magazine<\/li>\n<li>Le Soir Mag<\/li>\n<li>Sport\/Foot magazine<\/li>\n<li>T\u00e9l\u00e9moustique<\/li>\n<li>Trends tendances<\/li>\n<li>Trends guide<\/li>\n<li>T\u00e9l\u00e9pocket<\/li>\n<li>T\u00e9l\u00e9pro<\/li>\n<\/ul>\n<\/div>\n<\/div>\n","protected":false},"excerpt":{"rendered":"<p>Le site Belgapress offre l&rsquo;acc\u00e8s \u00e0 un vaste panel de sources d&rsquo;information et permet la consultation, en ligne, d&rsquo;un grand nombre de titres de journaux et magazines d\u2019information, francophones, n\u00e9erlandophones ou germanophones. Belgapress est le portail de presse en ligne des \u00e9diteurs belges de journaux et de magazines d\u2019information, francophones, n\u00e9erlandophones ou germanophones. L&rsquo;acc\u00e8s \u00e0 [&hellip;]<\/p>\n","protected":false},"author":6,"featured_media":0,"parent":0,"menu_order":0,"comment_status":"closed","ping_status":"closed","template":"","meta":{"_seopress_robots_primary_cat":"","_seopress_titles_title":"","_seopress_titles_desc":"","_seopress_robots_index":"","footnotes":""},"class_list":["post-7379","page","type-page","status-publish","czr-hentry"],"yoast_head":"<!-- This site is optimized with the Yoast SEO plugin v27.5 - https:\/\/yoast.com\/product\/yoast-seo-wordpress\/ -->\n<title>Belgapress - Wamabi<\/title>\n<meta name=\"robots\" content=\"index, follow, max-snippet:-1, max-image-preview:large, max-video-preview:-1\" \/>\n<link rel=\"canonical\" href=\"https:\/\/wamabi.be\/site\/pressbanking\/\" \/>\n<meta property=\"og:locale\" content=\"fr_FR\" \/>\n<meta property=\"og:type\" content=\"article\" \/>\n<meta property=\"og:title\" content=\"Belgapress - Wamabi\" \/>\n<meta property=\"og:description\" content=\"Le site Belgapress offre l&rsquo;acc\u00e8s \u00e0 un vaste panel de sources d&rsquo;information et permet la consultation, en ligne, d&rsquo;un grand nombre de titres de journaux et magazines d\u2019information, francophones, n\u00e9erlandophones ou germanophones. Belgapress est le portail de presse en ligne des \u00e9diteurs belges de journaux et de magazines d\u2019information, francophones, n\u00e9erlandophones ou germanophones. L&rsquo;acc\u00e8s \u00e0 [&hellip;]\" \/>\n<meta property=\"og:url\" content=\"https:\/\/wamabi.be\/site\/pressbanking\/\" \/>\n<meta property=\"og:site_name\" content=\"Wamabi\" \/>\n<meta property=\"article:modified_time\" content=\"2023-04-26T16:04:20+00:00\" \/>\n<meta property=\"og:image\" content=\"https:\/\/wamabi.be\/site\/wp-content\/0810755a-cb6d-4481-877a-6d36f4dc9348-300x83.jpeg\" \/>\n<meta name=\"twitter:card\" content=\"summary_large_image\" \/>\n<meta name=\"twitter:label1\" content=\"Dur\u00e9e de lecture estim\u00e9e\" \/>\n\t<meta name=\"twitter:data1\" content=\"1 minute\" \/>\n<script type=\"application\/ld+json\" class=\"yoast-schema-graph\">{\"@context\":\"https:\\\/\\\/schema.org\",\"@graph\":[{\"@type\":\"WebPage\",\"@id\":\"https:\\\/\\\/wamabi.be\\\/site\\\/pressbanking\\\/\",\"url\":\"https:\\\/\\\/wamabi.be\\\/site\\\/pressbanking\\\/\",\"name\":\"Belgapress - Wamabi\",\"isPartOf\":{\"@id\":\"https:\\\/\\\/wamabi.be\\\/site\\\/#website\"},\"primaryImageOfPage\":{\"@id\":\"https:\\\/\\\/wamabi.be\\\/site\\\/pressbanking\\\/#primaryimage\"},\"image\":{\"@id\":\"https:\\\/\\\/wamabi.be\\\/site\\\/pressbanking\\\/#primaryimage\"},\"thumbnailUrl\":\"https:\\\/\\\/wamabi.be\\\/site\\\/wp-content\\\/0810755a-cb6d-4481-877a-6d36f4dc9348-300x83.jpeg\",\"datePublished\":\"2015-08-18T09:02:12+00:00\",\"dateModified\":\"2023-04-26T16:04:20+00:00\",\"breadcrumb\":{\"@id\":\"https:\\\/\\\/wamabi.be\\\/site\\\/pressbanking\\\/#breadcrumb\"},\"inLanguage\":\"fr-FR\",\"potentialAction\":[{\"@type\":\"ReadAction\",\"target\":[\"https:\\\/\\\/wamabi.be\\\/site\\\/pressbanking\\\/\"]}]},{\"@type\":\"ImageObject\",\"inLanguage\":\"fr-FR\",\"@id\":\"https:\\\/\\\/wamabi.be\\\/site\\\/pressbanking\\\/#primaryimage\",\"url\":\"https:\\\/\\\/wamabi.be\\\/site\\\/wp-content\\\/0810755a-cb6d-4481-877a-6d36f4dc9348-300x83.jpeg\",\"contentUrl\":\"https:\\\/\\\/wamabi.be\\\/site\\\/wp-content\\\/0810755a-cb6d-4481-877a-6d36f4dc9348-300x83.jpeg\"},{\"@type\":\"BreadcrumbList\",\"@id\":\"https:\\\/\\\/wamabi.be\\\/site\\\/pressbanking\\\/#breadcrumb\",\"itemListElement\":[{\"@type\":\"ListItem\",\"position\":1,\"name\":\"Accueil\",\"item\":\"https:\\\/\\\/wamabi.be\\\/site\\\/\"},{\"@type\":\"ListItem\",\"position\":2,\"name\":\"Belgapress\"}]},{\"@type\":\"WebSite\",\"@id\":\"https:\\\/\\\/wamabi.be\\\/site\\\/#website\",\"url\":\"https:\\\/\\\/wamabi.be\\\/site\\\/\",\"name\":\"Wamabi\",\"description\":\"Wamabi - Biblioth\u00e8ques de Waimes et de Malmedy\",\"publisher\":{\"@id\":\"https:\\\/\\\/wamabi.be\\\/site\\\/#organization\"},\"potentialAction\":[{\"@type\":\"SearchAction\",\"target\":{\"@type\":\"EntryPoint\",\"urlTemplate\":\"https:\\\/\\\/wamabi.be\\\/site\\\/?s={search_term_string}\"},\"query-input\":{\"@type\":\"PropertyValueSpecification\",\"valueRequired\":true,\"valueName\":\"search_term_string\"}}],\"inLanguage\":\"fr-FR\"},{\"@type\":\"Organization\",\"@id\":\"https:\\\/\\\/wamabi.be\\\/site\\\/#organization\",\"name\":\"Wamabi\",\"url\":\"https:\\\/\\\/wamabi.be\\\/site\\\/\",\"logo\":{\"@type\":\"ImageObject\",\"inLanguage\":\"fr-FR\",\"@id\":\"https:\\\/\\\/wamabi.be\\\/site\\\/#\\\/schema\\\/logo\\\/image\\\/\",\"url\":\"https:\\\/\\\/wamabi.be\\\/site\\\/wp-content\\\/cropped-cropped-Dragon-noir-et-blanc-transparent-carre-1.png\",\"contentUrl\":\"https:\\\/\\\/wamabi.be\\\/site\\\/wp-content\\\/cropped-cropped-Dragon-noir-et-blanc-transparent-carre-1.png\",\"width\":2321,\"height\":2321,\"caption\":\"Wamabi\"},\"image\":{\"@id\":\"https:\\\/\\\/wamabi.be\\\/site\\\/#\\\/schema\\\/logo\\\/image\\\/\"}}]}<\/script>\n<!-- \/ Yoast SEO plugin. -->","yoast_head_json":{"title":"Belgapress - Wamabi","robots":{"index":"index","follow":"follow","max-snippet":"max-snippet:-1","max-image-preview":"max-image-preview:large","max-video-preview":"max-video-preview:-1"},"canonical":"https:\/\/wamabi.be\/site\/pressbanking\/","og_locale":"fr_FR","og_type":"article","og_title":"Belgapress - Wamabi","og_description":"Le site Belgapress offre l&rsquo;acc\u00e8s \u00e0 un vaste panel de sources d&rsquo;information et permet la consultation, en ligne, d&rsquo;un grand nombre de titres de journaux et magazines d\u2019information, francophones, n\u00e9erlandophones ou germanophones. Belgapress est le portail de presse en ligne des \u00e9diteurs belges de journaux et de magazines d\u2019information, francophones, n\u00e9erlandophones ou germanophones. L&rsquo;acc\u00e8s \u00e0 [&hellip;]","og_url":"https:\/\/wamabi.be\/site\/pressbanking\/","og_site_name":"Wamabi","article_modified_time":"2023-04-26T16:04:20+00:00","og_image":[{"url":"https:\/\/wamabi.be\/site\/wp-content\/0810755a-cb6d-4481-877a-6d36f4dc9348-300x83.jpeg","type":"","width":"","height":""}],"twitter_card":"summary_large_image","twitter_misc":{"Dur\u00e9e de lecture estim\u00e9e":"1 minute"},"schema":{"@context":"https:\/\/schema.org","@graph":[{"@type":"WebPage","@id":"https:\/\/wamabi.be\/site\/pressbanking\/","url":"https:\/\/wamabi.be\/site\/pressbanking\/","name":"Belgapress - Wamabi","isPartOf":{"@id":"https:\/\/wamabi.be\/site\/#website"},"primaryImageOfPage":{"@id":"https:\/\/wamabi.be\/site\/pressbanking\/#primaryimage"},"image":{"@id":"https:\/\/wamabi.be\/site\/pressbanking\/#primaryimage"},"thumbnailUrl":"https:\/\/wamabi.be\/site\/wp-content\/0810755a-cb6d-4481-877a-6d36f4dc9348-300x83.jpeg","datePublished":"2015-08-18T09:02:12+00:00","dateModified":"2023-04-26T16:04:20+00:00","breadcrumb":{"@id":"https:\/\/wamabi.be\/site\/pressbanking\/#breadcrumb"},"inLanguage":"fr-FR","potentialAction":[{"@type":"ReadAction","target":["https:\/\/wamabi.be\/site\/pressbanking\/"]}]},{"@type":"ImageObject","inLanguage":"fr-FR","@id":"https:\/\/wamabi.be\/site\/pressbanking\/#primaryimage","url":"https:\/\/wamabi.be\/site\/wp-content\/0810755a-cb6d-4481-877a-6d36f4dc9348-300x83.jpeg","contentUrl":"https:\/\/wamabi.be\/site\/wp-content\/0810755a-cb6d-4481-877a-6d36f4dc9348-300x83.jpeg"},{"@type":"BreadcrumbList","@id":"https:\/\/wamabi.be\/site\/pressbanking\/#breadcrumb","itemListElement":[{"@type":"ListItem","position":1,"name":"Accueil","item":"https:\/\/wamabi.be\/site\/"},{"@type":"ListItem","position":2,"name":"Belgapress"}]},{"@type":"WebSite","@id":"https:\/\/wamabi.be\/site\/#website","url":"https:\/\/wamabi.be\/site\/","name":"Wamabi","description":"Wamabi - Biblioth\u00e8ques de Waimes et de Malmedy","publisher":{"@id":"https:\/\/wamabi.be\/site\/#organization"},"potentialAction":[{"@type":"SearchAction","target":{"@type":"EntryPoint","urlTemplate":"https:\/\/wamabi.be\/site\/?s={search_term_string}"},"query-input":{"@type":"PropertyValueSpecification","valueRequired":true,"valueName":"search_term_string"}}],"inLanguage":"fr-FR"},{"@type":"Organization","@id":"https:\/\/wamabi.be\/site\/#organization","name":"Wamabi","url":"https:\/\/wamabi.be\/site\/","logo":{"@type":"ImageObject","inLanguage":"fr-FR","@id":"https:\/\/wamabi.be\/site\/#\/schema\/logo\/image\/","url":"https:\/\/wamabi.be\/site\/wp-content\/cropped-cropped-Dragon-noir-et-blanc-transparent-carre-1.png","contentUrl":"https:\/\/wamabi.be\/site\/wp-content\/cropped-cropped-Dragon-noir-et-blanc-transparent-carre-1.png","width":2321,"height":2321,"caption":"Wamabi"},"image":{"@id":"https:\/\/wamabi.be\/site\/#\/schema\/logo\/image\/"}}]}},"_links":{"self":[{"href":"https:\/\/wamabi.be\/site\/wp-json\/wp\/v2\/pages\/7379","targetHints":{"allow":["GET"]}}],"collection":[{"href":"https:\/\/wamabi.be\/site\/wp-json\/wp\/v2\/pages"}],"about":[{"href":"https:\/\/wamabi.be\/site\/wp-json\/wp\/v2\/types\/page"}],"author":[{"embeddable":true,"href":"https:\/\/wamabi.be\/site\/wp-json\/wp\/v2\/users\/6"}],"replies":[{"embeddable":true,"href":"https:\/\/wamabi.be\/site\/wp-json\/wp\/v2\/comments?post=7379"}],"version-history":[{"count":7,"href":"https:\/\/wamabi.be\/site\/wp-json\/wp\/v2\/pages\/7379\/revisions"}],"predecessor-version":[{"id":13008,"href":"https:\/\/wamabi.be\/site\/wp-json\/wp\/v2\/pages\/7379\/revisions\/13008"}],"wp:attachment":[{"href":"https:\/\/wamabi.be\/site\/wp-json\/wp\/v2\/media?parent=7379"}],"curies":[{"name":"wp","href":"https:\/\/api.w.org\/{rel}","templated":true}]}}