{"id":7377,"date":"2015-08-18T10:02:55","date_gmt":"2015-08-18T09:02:55","guid":{"rendered":"http:\/\/wamabi.be\/site\/?page_id=7377"},"modified":"2015-11-24T10:04:07","modified_gmt":"2015-11-24T09:04:07","slug":"cairn-info","status":"publish","type":"page","link":"https:\/\/wamabi.be\/site\/cairn-info\/","title":{"rendered":"Cairn.info"},"content":{"rendered":"<p><a href=\"http:\/\/wamabi.be\/site\/?tag=cairn-info\" target=\"_blank\"><b>Cairn.info\u00a0: les sciences humaines et sociales<\/b><\/a><\/p>\n<p><a href=\"http:\/\/wamabi.be\/site\/wp-content\/Cairninfo.jpg\"><img loading=\"lazy\" decoding=\"async\" class=\"alignnone size-medium wp-image-5836\" src=\"http:\/\/wamabi.be\/site\/wp-content\/Cairninfo-300x149.jpg\" alt=\"Cairninfo\" width=\"300\" height=\"149\" srcset=\"https:\/\/wamabi.be\/site\/wp-content\/Cairninfo-300x149.jpg 300w, https:\/\/wamabi.be\/site\/wp-content\/Cairninfo.jpg 338w\" sizes=\"auto, (max-width: 300px) 100vw, 300px\" \/><\/a><\/p>\n<p>Avec plus de 20 millions de consultations en 2013, Cairn.info est d\u00e9sormais un outil de r\u00e9f\u00e9rence dans le domaine des sciences humaines et sociales. A votre disposition, pr\u00e8s de 400 revues sp\u00e9cialis\u00e9es en psychologie, histoire, sport et soci\u00e9t\u00e9, g\u00e9ographie, sciences de l\u2019\u00e9ducation, droit, etc. Parmi les innovations de 2014, notons une interface am\u00e9lior\u00e9e, une offre \u00e9largie et une \u00e9dition en langue anglaise.<\/p>\n<p>Rendez-vous d\u00e8s \u00e0 pr\u00e9sent dans vos biblioth\u00e8ques pour acc\u00e9der \u00e0 ce service via le site\u00a0<a href=\"http:\/\/www.cairn.info\/\">www.cairn.info<\/a><\/p>\n<p>&nbsp;<\/p>\n","protected":false},"excerpt":{"rendered":"<p>Cairn.info\u00a0: les sciences humaines et sociales Avec plus de 20 millions de consultations en 2013, Cairn.info est d\u00e9sormais un outil de r\u00e9f\u00e9rence dans le domaine des sciences humaines et sociales. A votre disposition, pr\u00e8s de 400 revues sp\u00e9cialis\u00e9es en psychologie, histoire, sport et soci\u00e9t\u00e9, g\u00e9ographie, sciences de l\u2019\u00e9ducation, droit, etc. Parmi les innovations de 2014, [&hellip;]<\/p>\n","protected":false},"author":6,"featured_media":0,"parent":0,"menu_order":0,"comment_status":"closed","ping_status":"closed","template":"","meta":{"_seopress_robots_primary_cat":"","_seopress_titles_title":"","_seopress_titles_desc":"","_seopress_robots_index":"","footnotes":""},"class_list":["post-7377","page","type-page","status-publish","czr-hentry"],"yoast_head":"<!-- This site is optimized with the Yoast SEO plugin v27.5 - https:\/\/yoast.com\/product\/yoast-seo-wordpress\/ -->\n<title>Cairn.info - Wamabi<\/title>\n<meta name=\"robots\" content=\"index, follow, max-snippet:-1, max-image-preview:large, max-video-preview:-1\" \/>\n<link rel=\"canonical\" href=\"https:\/\/wamabi.be\/site\/cairn-info\/\" \/>\n<meta property=\"og:locale\" content=\"fr_FR\" \/>\n<meta property=\"og:type\" content=\"article\" \/>\n<meta property=\"og:title\" content=\"Cairn.info - Wamabi\" \/>\n<meta property=\"og:description\" content=\"Cairn.info\u00a0: les sciences humaines et sociales Avec plus de 20 millions de consultations en 2013, Cairn.info est d\u00e9sormais un outil de r\u00e9f\u00e9rence dans le domaine des sciences humaines et sociales. A votre disposition, pr\u00e8s de 400 revues sp\u00e9cialis\u00e9es en psychologie, histoire, sport et soci\u00e9t\u00e9, g\u00e9ographie, sciences de l\u2019\u00e9ducation, droit, etc. Parmi les innovations de 2014, [&hellip;]\" \/>\n<meta property=\"og:url\" content=\"https:\/\/wamabi.be\/site\/cairn-info\/\" \/>\n<meta property=\"og:site_name\" content=\"Wamabi\" \/>\n<meta property=\"article:modified_time\" content=\"2015-11-24T09:04:07+00:00\" \/>\n<meta property=\"og:image\" content=\"http:\/\/wamabi.be\/site\/wp-content\/Cairninfo-300x149.jpg\" \/>\n<meta name=\"twitter:card\" content=\"summary_large_image\" \/>\n<script type=\"application\/ld+json\" class=\"yoast-schema-graph\">{\"@context\":\"https:\\\/\\\/schema.org\",\"@graph\":[{\"@type\":\"WebPage\",\"@id\":\"https:\\\/\\\/wamabi.be\\\/site\\\/cairn-info\\\/\",\"url\":\"https:\\\/\\\/wamabi.be\\\/site\\\/cairn-info\\\/\",\"name\":\"Cairn.info - Wamabi\",\"isPartOf\":{\"@id\":\"https:\\\/\\\/wamabi.be\\\/site\\\/#website\"},\"primaryImageOfPage\":{\"@id\":\"https:\\\/\\\/wamabi.be\\\/site\\\/cairn-info\\\/#primaryimage\"},\"image\":{\"@id\":\"https:\\\/\\\/wamabi.be\\\/site\\\/cairn-info\\\/#primaryimage\"},\"thumbnailUrl\":\"http:\\\/\\\/wamabi.be\\\/site\\\/wp-content\\\/Cairninfo-300x149.jpg\",\"datePublished\":\"2015-08-18T09:02:55+00:00\",\"dateModified\":\"2015-11-24T09:04:07+00:00\",\"breadcrumb\":{\"@id\":\"https:\\\/\\\/wamabi.be\\\/site\\\/cairn-info\\\/#breadcrumb\"},\"inLanguage\":\"fr-FR\",\"potentialAction\":[{\"@type\":\"ReadAction\",\"target\":[\"https:\\\/\\\/wamabi.be\\\/site\\\/cairn-info\\\/\"]}]},{\"@type\":\"ImageObject\",\"inLanguage\":\"fr-FR\",\"@id\":\"https:\\\/\\\/wamabi.be\\\/site\\\/cairn-info\\\/#primaryimage\",\"url\":\"https:\\\/\\\/wamabi.be\\\/site\\\/wp-content\\\/Cairninfo.jpg\",\"contentUrl\":\"https:\\\/\\\/wamabi.be\\\/site\\\/wp-content\\\/Cairninfo.jpg\",\"width\":338,\"height\":168},{\"@type\":\"BreadcrumbList\",\"@id\":\"https:\\\/\\\/wamabi.be\\\/site\\\/cairn-info\\\/#breadcrumb\",\"itemListElement\":[{\"@type\":\"ListItem\",\"position\":1,\"name\":\"Accueil\",\"item\":\"https:\\\/\\\/wamabi.be\\\/site\\\/\"},{\"@type\":\"ListItem\",\"position\":2,\"name\":\"Cairn.info\"}]},{\"@type\":\"WebSite\",\"@id\":\"https:\\\/\\\/wamabi.be\\\/site\\\/#website\",\"url\":\"https:\\\/\\\/wamabi.be\\\/site\\\/\",\"name\":\"Wamabi\",\"description\":\"Wamabi - Biblioth\u00e8ques de Waimes et de Malmedy\",\"publisher\":{\"@id\":\"https:\\\/\\\/wamabi.be\\\/site\\\/#organization\"},\"potentialAction\":[{\"@type\":\"SearchAction\",\"target\":{\"@type\":\"EntryPoint\",\"urlTemplate\":\"https:\\\/\\\/wamabi.be\\\/site\\\/?s={search_term_string}\"},\"query-input\":{\"@type\":\"PropertyValueSpecification\",\"valueRequired\":true,\"valueName\":\"search_term_string\"}}],\"inLanguage\":\"fr-FR\"},{\"@type\":\"Organization\",\"@id\":\"https:\\\/\\\/wamabi.be\\\/site\\\/#organization\",\"name\":\"Wamabi\",\"url\":\"https:\\\/\\\/wamabi.be\\\/site\\\/\",\"logo\":{\"@type\":\"ImageObject\",\"inLanguage\":\"fr-FR\",\"@id\":\"https:\\\/\\\/wamabi.be\\\/site\\\/#\\\/schema\\\/logo\\\/image\\\/\",\"url\":\"https:\\\/\\\/wamabi.be\\\/site\\\/wp-content\\\/cropped-cropped-Dragon-noir-et-blanc-transparent-carre-1.png\",\"contentUrl\":\"https:\\\/\\\/wamabi.be\\\/site\\\/wp-content\\\/cropped-cropped-Dragon-noir-et-blanc-transparent-carre-1.png\",\"width\":2321,\"height\":2321,\"caption\":\"Wamabi\"},\"image\":{\"@id\":\"https:\\\/\\\/wamabi.be\\\/site\\\/#\\\/schema\\\/logo\\\/image\\\/\"}}]}<\/script>\n<!-- \/ Yoast SEO plugin. -->","yoast_head_json":{"title":"Cairn.info - Wamabi","robots":{"index":"index","follow":"follow","max-snippet":"max-snippet:-1","max-image-preview":"max-image-preview:large","max-video-preview":"max-video-preview:-1"},"canonical":"https:\/\/wamabi.be\/site\/cairn-info\/","og_locale":"fr_FR","og_type":"article","og_title":"Cairn.info - Wamabi","og_description":"Cairn.info\u00a0: les sciences humaines et sociales Avec plus de 20 millions de consultations en 2013, Cairn.info est d\u00e9sormais un outil de r\u00e9f\u00e9rence dans le domaine des sciences humaines et sociales. A votre disposition, pr\u00e8s de 400 revues sp\u00e9cialis\u00e9es en psychologie, histoire, sport et soci\u00e9t\u00e9, g\u00e9ographie, sciences de l\u2019\u00e9ducation, droit, etc. Parmi les innovations de 2014, [&hellip;]","og_url":"https:\/\/wamabi.be\/site\/cairn-info\/","og_site_name":"Wamabi","article_modified_time":"2015-11-24T09:04:07+00:00","og_image":[{"url":"http:\/\/wamabi.be\/site\/wp-content\/Cairninfo-300x149.jpg","type":"","width":"","height":""}],"twitter_card":"summary_large_image","schema":{"@context":"https:\/\/schema.org","@graph":[{"@type":"WebPage","@id":"https:\/\/wamabi.be\/site\/cairn-info\/","url":"https:\/\/wamabi.be\/site\/cairn-info\/","name":"Cairn.info - Wamabi","isPartOf":{"@id":"https:\/\/wamabi.be\/site\/#website"},"primaryImageOfPage":{"@id":"https:\/\/wamabi.be\/site\/cairn-info\/#primaryimage"},"image":{"@id":"https:\/\/wamabi.be\/site\/cairn-info\/#primaryimage"},"thumbnailUrl":"http:\/\/wamabi.be\/site\/wp-content\/Cairninfo-300x149.jpg","datePublished":"2015-08-18T09:02:55+00:00","dateModified":"2015-11-24T09:04:07+00:00","breadcrumb":{"@id":"https:\/\/wamabi.be\/site\/cairn-info\/#breadcrumb"},"inLanguage":"fr-FR","potentialAction":[{"@type":"ReadAction","target":["https:\/\/wamabi.be\/site\/cairn-info\/"]}]},{"@type":"ImageObject","inLanguage":"fr-FR","@id":"https:\/\/wamabi.be\/site\/cairn-info\/#primaryimage","url":"https:\/\/wamabi.be\/site\/wp-content\/Cairninfo.jpg","contentUrl":"https:\/\/wamabi.be\/site\/wp-content\/Cairninfo.jpg","width":338,"height":168},{"@type":"BreadcrumbList","@id":"https:\/\/wamabi.be\/site\/cairn-info\/#breadcrumb","itemListElement":[{"@type":"ListItem","position":1,"name":"Accueil","item":"https:\/\/wamabi.be\/site\/"},{"@type":"ListItem","position":2,"name":"Cairn.info"}]},{"@type":"WebSite","@id":"https:\/\/wamabi.be\/site\/#website","url":"https:\/\/wamabi.be\/site\/","name":"Wamabi","description":"Wamabi - Biblioth\u00e8ques de Waimes et de Malmedy","publisher":{"@id":"https:\/\/wamabi.be\/site\/#organization"},"potentialAction":[{"@type":"SearchAction","target":{"@type":"EntryPoint","urlTemplate":"https:\/\/wamabi.be\/site\/?s={search_term_string}"},"query-input":{"@type":"PropertyValueSpecification","valueRequired":true,"valueName":"search_term_string"}}],"inLanguage":"fr-FR"},{"@type":"Organization","@id":"https:\/\/wamabi.be\/site\/#organization","name":"Wamabi","url":"https:\/\/wamabi.be\/site\/","logo":{"@type":"ImageObject","inLanguage":"fr-FR","@id":"https:\/\/wamabi.be\/site\/#\/schema\/logo\/image\/","url":"https:\/\/wamabi.be\/site\/wp-content\/cropped-cropped-Dragon-noir-et-blanc-transparent-carre-1.png","contentUrl":"https:\/\/wamabi.be\/site\/wp-content\/cropped-cropped-Dragon-noir-et-blanc-transparent-carre-1.png","width":2321,"height":2321,"caption":"Wamabi"},"image":{"@id":"https:\/\/wamabi.be\/site\/#\/schema\/logo\/image\/"}}]}},"_links":{"self":[{"href":"https:\/\/wamabi.be\/site\/wp-json\/wp\/v2\/pages\/7377","targetHints":{"allow":["GET"]}}],"collection":[{"href":"https:\/\/wamabi.be\/site\/wp-json\/wp\/v2\/pages"}],"about":[{"href":"https:\/\/wamabi.be\/site\/wp-json\/wp\/v2\/types\/page"}],"author":[{"embeddable":true,"href":"https:\/\/wamabi.be\/site\/wp-json\/wp\/v2\/users\/6"}],"replies":[{"embeddable":true,"href":"https:\/\/wamabi.be\/site\/wp-json\/wp\/v2\/comments?post=7377"}],"version-history":[{"count":3,"href":"https:\/\/wamabi.be\/site\/wp-json\/wp\/v2\/pages\/7377\/revisions"}],"predecessor-version":[{"id":7776,"href":"https:\/\/wamabi.be\/site\/wp-json\/wp\/v2\/pages\/7377\/revisions\/7776"}],"wp:attachment":[{"href":"https:\/\/wamabi.be\/site\/wp-json\/wp\/v2\/media?parent=7377"}],"curies":[{"name":"wp","href":"https:\/\/api.w.org\/{rel}","templated":true}]}}