{"id":4290,"date":"2013-01-17T16:28:59","date_gmt":"2013-01-17T14:28:59","guid":{"rendered":"http:\/\/wamabi.be\/site\/?page_id=4290"},"modified":"2026-03-02T10:45:15","modified_gmt":"2026-03-02T09:45:15","slug":"inscription","status":"publish","type":"page","link":"https:\/\/wamabi.be\/site\/inscription\/","title":{"rendered":"Inscription"},"content":{"rendered":"<p>Pour contacter votre biblioth\u00e8que\u202f: <a href=\"mailto:malmedy@wamabi.be\">Malmedy<\/a> \u2013 <a href=\"mailto:waimes@wamabi.be\">Waimes<\/a> \u2013 <a href=\"mailto:waimes@wamabi.be\">Sourbordt<\/a><\/p>\n<p>Pour trouver un document ou prolonger vos pr\u00eats, rendez-vous sur <a href=\"https:\/\/mabibli.be\/faq\">https:\/\/mabibli.be\/faq<\/a>.<\/p>\n<p>&#8212;&#8212;&#8212;<\/p>\n<p>Inscrivez-vous gratuitement \u00e0 Wamabi, le r\u00e9seau des biblioth\u00e8ques de Waimes et Malmedy et acc\u00e9dez \u00e0 des milliers de ressources (visibles sur notre <a href=\"http:\/\/mabibli.be\" target=\"_blank\" rel=\"noopener\">Mabibli.be, notre catalogue en ligne<\/a>).<\/p>\n\n<div class=\"wpcf7 no-js\" id=\"wpcf7-f4386-o1\" lang=\"en-US\" dir=\"ltr\" data-wpcf7-id=\"4386\">\n<div class=\"screen-reader-response\"><p role=\"status\" aria-live=\"polite\" aria-atomic=\"true\"><\/p> <ul><\/ul><\/div>\n<form action=\"\/site\/wp-json\/wp\/v2\/pages\/4290#wpcf7-f4386-o1\" method=\"post\" class=\"wpcf7-form init\" aria-label=\"Contact form\" novalidate=\"novalidate\" data-status=\"init\">\n<fieldset class=\"hidden-fields-container\"><input type=\"hidden\" name=\"_wpcf7\" value=\"4386\" \/><input type=\"hidden\" name=\"_wpcf7_version\" value=\"6.1.5\" \/><input type=\"hidden\" name=\"_wpcf7_locale\" value=\"en_US\" \/><input type=\"hidden\" name=\"_wpcf7_unit_tag\" value=\"wpcf7-f4386-o1\" \/><input type=\"hidden\" name=\"_wpcf7_container_post\" value=\"0\" \/><input type=\"hidden\" name=\"_wpcf7_posted_data_hash\" value=\"\" \/>\n<\/fieldset>\n<p>Nom*\n<\/p>\n<p><span class=\"wpcf7-form-control-wrap\" data-name=\"Nom\"><input size=\"40\" maxlength=\"400\" class=\"wpcf7-form-control wpcf7-text wpcf7-validates-as-required\" aria-required=\"true\" aria-invalid=\"false\" value=\"\" type=\"text\" name=\"Nom\" \/><\/span>\n<\/p>\n<p>Pr\u00e9nom*\n<\/p>\n<p><span class=\"wpcf7-form-control-wrap\" data-name=\"Prnom\"><input size=\"40\" maxlength=\"400\" class=\"wpcf7-form-control wpcf7-text wpcf7-validates-as-required\" aria-required=\"true\" aria-invalid=\"false\" value=\"\" type=\"text\" name=\"Prnom\" \/><\/span>\n<\/p>\n<p>Date de naissance*\n<\/p>\n<p><span class=\"wpcf7-form-control-wrap\" data-name=\"Datedenaissance\"><input size=\"40\" maxlength=\"400\" class=\"wpcf7-form-control wpcf7-text wpcf7-validates-as-required\" aria-required=\"true\" aria-invalid=\"false\" value=\"\" type=\"text\" name=\"Datedenaissance\" \/><\/span>\n<\/p>\n<p>Sexe*\n<\/p>\n<p><span class=\"wpcf7-form-control-wrap\" data-name=\"radio-697\"><span class=\"wpcf7-form-control wpcf7-radio\"><span class=\"wpcf7-list-item first\"><input type=\"radio\" name=\"radio-697\" value=\"F\u00e9minin\" \/><span class=\"wpcf7-list-item-label\">F\u00e9minin<\/span><\/span><span class=\"wpcf7-list-item\"><input type=\"radio\" name=\"radio-697\" value=\"Masculin\" \/><span class=\"wpcf7-list-item-label\">Masculin<\/span><\/span><span class=\"wpcf7-list-item last\"><input type=\"radio\" name=\"radio-697\" value=\"Autre\" \/><span class=\"wpcf7-list-item-label\">Autre<\/span><\/span><\/span><\/span>\n<\/p>\n<p>Email*\n<\/p>\n<p><span class=\"wpcf7-form-control-wrap\" data-name=\"Email\"><input size=\"40\" maxlength=\"400\" class=\"wpcf7-form-control wpcf7-email wpcf7-validates-as-required wpcf7-text wpcf7-validates-as-email\" aria-required=\"true\" aria-invalid=\"false\" value=\"\" type=\"email\" name=\"Email\" \/><\/span>\n<\/p>\n<p>T\u00e9l\u00e9phone portable\n<\/p>\n<p><span class=\"wpcf7-form-control-wrap\" data-name=\"Tlphoneportable\"><input size=\"40\" maxlength=\"400\" class=\"wpcf7-form-control wpcf7-text\" aria-invalid=\"false\" value=\"\" type=\"text\" name=\"Tlphoneportable\" \/><\/span>\n<\/p>\n<p>Rue et num\u00e9ro*\n<\/p>\n<p><span class=\"wpcf7-form-control-wrap\" data-name=\"Rueetn\"><input size=\"40\" maxlength=\"400\" class=\"wpcf7-form-control wpcf7-text wpcf7-validates-as-required\" aria-required=\"true\" aria-invalid=\"false\" value=\"\" type=\"text\" name=\"Rueetn\" \/><\/span>\n<\/p>\n<p>Code postal*\n<\/p>\n<p><span class=\"wpcf7-form-control-wrap\" data-name=\"Codepostal\"><input size=\"40\" maxlength=\"400\" class=\"wpcf7-form-control wpcf7-text wpcf7-validates-as-required\" aria-required=\"true\" aria-invalid=\"false\" value=\"\" type=\"text\" name=\"Codepostal\" \/><\/span>\n<\/p>\n<p>Localit\u00e9*\n<\/p>\n<p><span class=\"wpcf7-form-control-wrap\" data-name=\"Localit\"><input size=\"40\" maxlength=\"400\" class=\"wpcf7-form-control wpcf7-text wpcf7-validates-as-required\" aria-required=\"true\" aria-invalid=\"false\" value=\"\" type=\"text\" name=\"Localit\" \/><\/span>\n<\/p>\n<p>Je d\u00e9sire \u00eatre inform\u00e9 des activit\u00e9s de la biblioth\u00e8que*\n<\/p>\n<p><span class=\"wpcf7-form-control-wrap\" data-name=\"getnewsletter\"><span class=\"wpcf7-form-control wpcf7-radio\"><span class=\"wpcf7-list-item first\"><input type=\"radio\" name=\"getnewsletter\" value=\"Oui\" \/><span class=\"wpcf7-list-item-label\">Oui<\/span><\/span><span class=\"wpcf7-list-item last\"><input type=\"radio\" name=\"getnewsletter\" value=\"Non\" \/><span class=\"wpcf7-list-item-label\">Non<\/span><\/span><\/span><\/span>\n<\/p>\n<p>J'ai lu et j'approuve le <a href=\"http:\/\/wamabi.be\/site\/wp-content\/R%C3%A8glement-de-base-biblioth%C3%A8que-Adulte2.pdf \" target=\"_blank\">r\u00e8glement<\/a>*\n<\/p>\n<p><span class=\"wpcf7-form-control-wrap\" data-name=\"Jaccepte\"><span class=\"wpcf7-form-control wpcf7-acceptance\"><span class=\"wpcf7-list-item\"><input type=\"checkbox\" name=\"Jaccepte\" value=\"1\" aria-invalid=\"false\" \/><\/span><\/span><\/span>\n<\/p>\n<p><input class=\"wpcf7-form-control wpcf7-submit has-spinner\" id=\"Envoyer\" type=\"submit\" value=\"Send\" \/>\n<\/p><p style=\"display: none !important;\" class=\"akismet-fields-container\" data-prefix=\"_wpcf7_ak_\"><label>&#916;<textarea name=\"_wpcf7_ak_hp_textarea\" cols=\"45\" rows=\"8\" maxlength=\"100\"><\/textarea><\/label><input type=\"hidden\" id=\"ak_js_1\" name=\"_wpcf7_ak_js\" value=\"60\"\/><script>document.getElementById( \"ak_js_1\" ).setAttribute( \"value\", ( new Date() ).getTime() );<\/script><\/p><div class=\"wpcf7-response-output\" aria-hidden=\"true\"><\/div>\n<\/form>\n<\/div>\n\n","protected":false},"excerpt":{"rendered":"<p>Pour contacter votre biblioth\u00e8que\u202f: Malmedy \u2013 Waimes \u2013 Sourbordt Pour trouver un document ou prolonger vos pr\u00eats, rendez-vous sur https:\/\/mabibli.be\/faq. &#8212;&#8212;&#8212; Inscrivez-vous gratuitement \u00e0 Wamabi, le r\u00e9seau des biblioth\u00e8ques de Waimes et Malmedy et acc\u00e9dez \u00e0 des milliers de ressources (visibles sur notre Mabibli.be, notre catalogue en ligne).<\/p>\n","protected":false},"author":6,"featured_media":7410,"parent":0,"menu_order":0,"comment_status":"closed","ping_status":"closed","template":"","meta":{"_seopress_robots_primary_cat":"","_seopress_titles_title":"","_seopress_titles_desc":"","_seopress_robots_index":"","footnotes":""},"class_list":["post-4290","page","type-page","status-publish","has-post-thumbnail","czr-hentry"],"yoast_head":"<!-- This site is optimized with the Yoast SEO plugin v27.4 - https:\/\/yoast.com\/product\/yoast-seo-wordpress\/ -->\n<title>Inscription - Wamabi<\/title>\n<meta name=\"robots\" content=\"index, follow, max-snippet:-1, max-image-preview:large, max-video-preview:-1\" \/>\n<link rel=\"canonical\" href=\"https:\/\/wamabi.be\/site\/inscription\/\" \/>\n<meta property=\"og:locale\" content=\"fr_FR\" \/>\n<meta property=\"og:type\" content=\"article\" \/>\n<meta property=\"og:title\" content=\"Inscription - Wamabi\" \/>\n<meta property=\"og:description\" content=\"Pour contacter votre biblioth\u00e8que\u202f: Malmedy \u2013 Waimes \u2013 Sourbordt Pour trouver un document ou prolonger vos pr\u00eats, rendez-vous sur https:\/\/mabibli.be\/faq. &#8212;&#8212;&#8212; Inscrivez-vous gratuitement \u00e0 Wamabi, le r\u00e9seau des biblioth\u00e8ques de Waimes et Malmedy et acc\u00e9dez \u00e0 des milliers de ressources (visibles sur notre Mabibli.be, notre catalogue en ligne).\" \/>\n<meta property=\"og:url\" content=\"https:\/\/wamabi.be\/site\/inscription\/\" \/>\n<meta property=\"og:site_name\" content=\"Wamabi\" \/>\n<meta property=\"article:modified_time\" content=\"2026-03-02T09:45:15+00:00\" \/>\n<meta property=\"og:image\" content=\"https:\/\/wamabi.be\/site\/wp-content\/inscription.jpg\" \/>\n\t<meta property=\"og:image:width\" content=\"667\" \/>\n\t<meta property=\"og:image:height\" content=\"500\" \/>\n\t<meta property=\"og:image:type\" content=\"image\/jpeg\" \/>\n<meta name=\"twitter:card\" content=\"summary_large_image\" \/>\n<meta name=\"twitter:label1\" content=\"Dur\u00e9e de lecture estim\u00e9e\" \/>\n\t<meta name=\"twitter:data1\" content=\"1 minute\" \/>\n<script type=\"application\/ld+json\" class=\"yoast-schema-graph\">{\"@context\":\"https:\\\/\\\/schema.org\",\"@graph\":[{\"@type\":\"WebPage\",\"@id\":\"https:\\\/\\\/wamabi.be\\\/site\\\/inscription\\\/\",\"url\":\"https:\\\/\\\/wamabi.be\\\/site\\\/inscription\\\/\",\"name\":\"Inscription - Wamabi\",\"isPartOf\":{\"@id\":\"https:\\\/\\\/wamabi.be\\\/site\\\/#website\"},\"primaryImageOfPage\":{\"@id\":\"https:\\\/\\\/wamabi.be\\\/site\\\/inscription\\\/#primaryimage\"},\"image\":{\"@id\":\"https:\\\/\\\/wamabi.be\\\/site\\\/inscription\\\/#primaryimage\"},\"thumbnailUrl\":\"https:\\\/\\\/wamabi.be\\\/site\\\/wp-content\\\/inscription.jpg\",\"datePublished\":\"2013-01-17T14:28:59+00:00\",\"dateModified\":\"2026-03-02T09:45:15+00:00\",\"breadcrumb\":{\"@id\":\"https:\\\/\\\/wamabi.be\\\/site\\\/inscription\\\/#breadcrumb\"},\"inLanguage\":\"fr-FR\",\"potentialAction\":[{\"@type\":\"ReadAction\",\"target\":[\"https:\\\/\\\/wamabi.be\\\/site\\\/inscription\\\/\"]}]},{\"@type\":\"ImageObject\",\"inLanguage\":\"fr-FR\",\"@id\":\"https:\\\/\\\/wamabi.be\\\/site\\\/inscription\\\/#primaryimage\",\"url\":\"https:\\\/\\\/wamabi.be\\\/site\\\/wp-content\\\/inscription.jpg\",\"contentUrl\":\"https:\\\/\\\/wamabi.be\\\/site\\\/wp-content\\\/inscription.jpg\",\"width\":667,\"height\":500},{\"@type\":\"BreadcrumbList\",\"@id\":\"https:\\\/\\\/wamabi.be\\\/site\\\/inscription\\\/#breadcrumb\",\"itemListElement\":[{\"@type\":\"ListItem\",\"position\":1,\"name\":\"Accueil\",\"item\":\"https:\\\/\\\/wamabi.be\\\/site\\\/\"},{\"@type\":\"ListItem\",\"position\":2,\"name\":\"Inscription\"}]},{\"@type\":\"WebSite\",\"@id\":\"https:\\\/\\\/wamabi.be\\\/site\\\/#website\",\"url\":\"https:\\\/\\\/wamabi.be\\\/site\\\/\",\"name\":\"Wamabi\",\"description\":\"Wamabi - Biblioth\u00e8ques de Waimes et de Malmedy\",\"publisher\":{\"@id\":\"https:\\\/\\\/wamabi.be\\\/site\\\/#organization\"},\"potentialAction\":[{\"@type\":\"SearchAction\",\"target\":{\"@type\":\"EntryPoint\",\"urlTemplate\":\"https:\\\/\\\/wamabi.be\\\/site\\\/?s={search_term_string}\"},\"query-input\":{\"@type\":\"PropertyValueSpecification\",\"valueRequired\":true,\"valueName\":\"search_term_string\"}}],\"inLanguage\":\"fr-FR\"},{\"@type\":\"Organization\",\"@id\":\"https:\\\/\\\/wamabi.be\\\/site\\\/#organization\",\"name\":\"Wamabi\",\"url\":\"https:\\\/\\\/wamabi.be\\\/site\\\/\",\"logo\":{\"@type\":\"ImageObject\",\"inLanguage\":\"fr-FR\",\"@id\":\"https:\\\/\\\/wamabi.be\\\/site\\\/#\\\/schema\\\/logo\\\/image\\\/\",\"url\":\"https:\\\/\\\/wamabi.be\\\/site\\\/wp-content\\\/cropped-cropped-Dragon-noir-et-blanc-transparent-carre-1.png\",\"contentUrl\":\"https:\\\/\\\/wamabi.be\\\/site\\\/wp-content\\\/cropped-cropped-Dragon-noir-et-blanc-transparent-carre-1.png\",\"width\":2321,\"height\":2321,\"caption\":\"Wamabi\"},\"image\":{\"@id\":\"https:\\\/\\\/wamabi.be\\\/site\\\/#\\\/schema\\\/logo\\\/image\\\/\"}}]}<\/script>\n<!-- \/ Yoast SEO plugin. -->","yoast_head_json":{"title":"Inscription - Wamabi","robots":{"index":"index","follow":"follow","max-snippet":"max-snippet:-1","max-image-preview":"max-image-preview:large","max-video-preview":"max-video-preview:-1"},"canonical":"https:\/\/wamabi.be\/site\/inscription\/","og_locale":"fr_FR","og_type":"article","og_title":"Inscription - Wamabi","og_description":"Pour contacter votre biblioth\u00e8que\u202f: Malmedy \u2013 Waimes \u2013 Sourbordt Pour trouver un document ou prolonger vos pr\u00eats, rendez-vous sur https:\/\/mabibli.be\/faq. &#8212;&#8212;&#8212; Inscrivez-vous gratuitement \u00e0 Wamabi, le r\u00e9seau des biblioth\u00e8ques de Waimes et Malmedy et acc\u00e9dez \u00e0 des milliers de ressources (visibles sur notre Mabibli.be, notre catalogue en ligne).","og_url":"https:\/\/wamabi.be\/site\/inscription\/","og_site_name":"Wamabi","article_modified_time":"2026-03-02T09:45:15+00:00","og_image":[{"width":667,"height":500,"url":"https:\/\/wamabi.be\/site\/wp-content\/inscription.jpg","type":"image\/jpeg"}],"twitter_card":"summary_large_image","twitter_misc":{"Dur\u00e9e de lecture estim\u00e9e":"1 minute"},"schema":{"@context":"https:\/\/schema.org","@graph":[{"@type":"WebPage","@id":"https:\/\/wamabi.be\/site\/inscription\/","url":"https:\/\/wamabi.be\/site\/inscription\/","name":"Inscription - Wamabi","isPartOf":{"@id":"https:\/\/wamabi.be\/site\/#website"},"primaryImageOfPage":{"@id":"https:\/\/wamabi.be\/site\/inscription\/#primaryimage"},"image":{"@id":"https:\/\/wamabi.be\/site\/inscription\/#primaryimage"},"thumbnailUrl":"https:\/\/wamabi.be\/site\/wp-content\/inscription.jpg","datePublished":"2013-01-17T14:28:59+00:00","dateModified":"2026-03-02T09:45:15+00:00","breadcrumb":{"@id":"https:\/\/wamabi.be\/site\/inscription\/#breadcrumb"},"inLanguage":"fr-FR","potentialAction":[{"@type":"ReadAction","target":["https:\/\/wamabi.be\/site\/inscription\/"]}]},{"@type":"ImageObject","inLanguage":"fr-FR","@id":"https:\/\/wamabi.be\/site\/inscription\/#primaryimage","url":"https:\/\/wamabi.be\/site\/wp-content\/inscription.jpg","contentUrl":"https:\/\/wamabi.be\/site\/wp-content\/inscription.jpg","width":667,"height":500},{"@type":"BreadcrumbList","@id":"https:\/\/wamabi.be\/site\/inscription\/#breadcrumb","itemListElement":[{"@type":"ListItem","position":1,"name":"Accueil","item":"https:\/\/wamabi.be\/site\/"},{"@type":"ListItem","position":2,"name":"Inscription"}]},{"@type":"WebSite","@id":"https:\/\/wamabi.be\/site\/#website","url":"https:\/\/wamabi.be\/site\/","name":"Wamabi","description":"Wamabi - Biblioth\u00e8ques de Waimes et de Malmedy","publisher":{"@id":"https:\/\/wamabi.be\/site\/#organization"},"potentialAction":[{"@type":"SearchAction","target":{"@type":"EntryPoint","urlTemplate":"https:\/\/wamabi.be\/site\/?s={search_term_string}"},"query-input":{"@type":"PropertyValueSpecification","valueRequired":true,"valueName":"search_term_string"}}],"inLanguage":"fr-FR"},{"@type":"Organization","@id":"https:\/\/wamabi.be\/site\/#organization","name":"Wamabi","url":"https:\/\/wamabi.be\/site\/","logo":{"@type":"ImageObject","inLanguage":"fr-FR","@id":"https:\/\/wamabi.be\/site\/#\/schema\/logo\/image\/","url":"https:\/\/wamabi.be\/site\/wp-content\/cropped-cropped-Dragon-noir-et-blanc-transparent-carre-1.png","contentUrl":"https:\/\/wamabi.be\/site\/wp-content\/cropped-cropped-Dragon-noir-et-blanc-transparent-carre-1.png","width":2321,"height":2321,"caption":"Wamabi"},"image":{"@id":"https:\/\/wamabi.be\/site\/#\/schema\/logo\/image\/"}}]}},"_links":{"self":[{"href":"https:\/\/wamabi.be\/site\/wp-json\/wp\/v2\/pages\/4290","targetHints":{"allow":["GET"]}}],"collection":[{"href":"https:\/\/wamabi.be\/site\/wp-json\/wp\/v2\/pages"}],"about":[{"href":"https:\/\/wamabi.be\/site\/wp-json\/wp\/v2\/types\/page"}],"author":[{"embeddable":true,"href":"https:\/\/wamabi.be\/site\/wp-json\/wp\/v2\/users\/6"}],"replies":[{"embeddable":true,"href":"https:\/\/wamabi.be\/site\/wp-json\/wp\/v2\/comments?post=4290"}],"version-history":[{"count":9,"href":"https:\/\/wamabi.be\/site\/wp-json\/wp\/v2\/pages\/4290\/revisions"}],"predecessor-version":[{"id":15111,"href":"https:\/\/wamabi.be\/site\/wp-json\/wp\/v2\/pages\/4290\/revisions\/15111"}],"wp:featuredmedia":[{"embeddable":true,"href":"https:\/\/wamabi.be\/site\/wp-json\/wp\/v2\/media\/7410"}],"wp:attachment":[{"href":"https:\/\/wamabi.be\/site\/wp-json\/wp\/v2\/media?parent=4290"}],"curies":[{"name":"wp","href":"https:\/\/api.w.org\/{rel}","templated":true}]}}