{"id":2539,"date":"2011-09-26T09:08:52","date_gmt":"2011-09-26T07:08:52","guid":{"rendered":"http:\/\/wamabi.be\/site\/?page_id=2539"},"modified":"2015-11-24T10:05:09","modified_gmt":"2015-11-24T09:05:09","slug":"espace-public-numerique","status":"publish","type":"page","link":"https:\/\/wamabi.be\/site\/espace-public-numerique\/","title":{"rendered":"Espace Public Num\u00e9rique"},"content":{"rendered":"<p>L\u2019Espace Public Num\u00e9rique (appel\u00e9 aussi l\u2019EPN) est une structure cr\u00e9\u00e9e par les biblioth\u00e8ques de Malmedy et Waimes, avec le concours de la R\u00e9gion wallonne.<\/p>\n<p>Cette structure a pour but de promouvoir les nouvelles technologies li\u00e9es \u00e0 l\u2019informatique aupr\u00e8s du public.<\/p>\n<p>Concr\u00e8tement, dans cet espace dot\u00e9 d\u2019une quinzaine d\u2019ordinateurs, diff\u00e9rentes activit\u00e9s et formations sont organis\u00e9es. L\u2019E.P.N. est libre d\u2019acc\u00e8s durant les heures d\u2019ouverture de la biblioth\u00e8que.<\/p>\n<p>L\u2019Espace Public Num\u00e9rique implant\u00e9 au sein de la biblioth\u00e8que de Malmedy est accessible \u00e0 toutes et \u00e0 tous.<\/p>\n<p>Un animateur est \u00e0 votre disposition pour vous aider, vous conseiller et vous initier \u00e0 l\u2019apprentissage de ces outils et moyens d\u2019expression incontournables que sont l\u2019informatique et Internet.<\/p>\n<p>&nbsp;<\/p>\n","protected":false},"excerpt":{"rendered":"<p>L\u2019Espace Public Num\u00e9rique (appel\u00e9 aussi l\u2019EPN) est une structure cr\u00e9\u00e9e par les biblioth\u00e8ques de Malmedy et Waimes, avec le concours de la R\u00e9gion wallonne. Cette structure a pour but de promouvoir les nouvelles technologies li\u00e9es \u00e0 l\u2019informatique aupr\u00e8s du public. Concr\u00e8tement, dans cet espace dot\u00e9 d\u2019une quinzaine d\u2019ordinateurs, diff\u00e9rentes activit\u00e9s et formations sont organis\u00e9es. L\u2019E.P.N. [&hellip;]<\/p>\n","protected":false},"author":6,"featured_media":0,"parent":0,"menu_order":0,"comment_status":"closed","ping_status":"closed","template":"","meta":{"_seopress_robots_primary_cat":"","_seopress_titles_title":"","_seopress_titles_desc":"","_seopress_robots_index":"","footnotes":""},"class_list":["post-2539","page","type-page","status-publish","czr-hentry"],"yoast_head":"<!-- This site is optimized with the Yoast SEO plugin v27.5 - https:\/\/yoast.com\/product\/yoast-seo-wordpress\/ -->\n<title>Espace Public Num\u00e9rique - Wamabi<\/title>\n<meta name=\"robots\" content=\"index, follow, max-snippet:-1, max-image-preview:large, max-video-preview:-1\" \/>\n<link rel=\"canonical\" href=\"https:\/\/wamabi.be\/site\/espace-public-numerique\/\" \/>\n<meta property=\"og:locale\" content=\"fr_FR\" \/>\n<meta property=\"og:type\" content=\"article\" \/>\n<meta property=\"og:title\" content=\"Espace Public Num\u00e9rique - Wamabi\" \/>\n<meta property=\"og:description\" content=\"L\u2019Espace Public Num\u00e9rique (appel\u00e9 aussi l\u2019EPN) est une structure cr\u00e9\u00e9e par les biblioth\u00e8ques de Malmedy et Waimes, avec le concours de la R\u00e9gion wallonne. Cette structure a pour but de promouvoir les nouvelles technologies li\u00e9es \u00e0 l\u2019informatique aupr\u00e8s du public. Concr\u00e8tement, dans cet espace dot\u00e9 d\u2019une quinzaine d\u2019ordinateurs, diff\u00e9rentes activit\u00e9s et formations sont organis\u00e9es. L\u2019E.P.N. [&hellip;]\" \/>\n<meta property=\"og:url\" content=\"https:\/\/wamabi.be\/site\/espace-public-numerique\/\" \/>\n<meta property=\"og:site_name\" content=\"Wamabi\" \/>\n<meta property=\"article:modified_time\" content=\"2015-11-24T09:05:09+00:00\" \/>\n<meta name=\"twitter:card\" content=\"summary_large_image\" \/>\n<meta name=\"twitter:label1\" content=\"Dur\u00e9e de lecture estim\u00e9e\" \/>\n\t<meta name=\"twitter:data1\" content=\"1 minute\" \/>\n<script type=\"application\/ld+json\" class=\"yoast-schema-graph\">{\"@context\":\"https:\\\/\\\/schema.org\",\"@graph\":[{\"@type\":\"WebPage\",\"@id\":\"https:\\\/\\\/wamabi.be\\\/site\\\/espace-public-numerique\\\/\",\"url\":\"https:\\\/\\\/wamabi.be\\\/site\\\/espace-public-numerique\\\/\",\"name\":\"Espace Public Num\u00e9rique - Wamabi\",\"isPartOf\":{\"@id\":\"https:\\\/\\\/wamabi.be\\\/site\\\/#website\"},\"datePublished\":\"2011-09-26T07:08:52+00:00\",\"dateModified\":\"2015-11-24T09:05:09+00:00\",\"breadcrumb\":{\"@id\":\"https:\\\/\\\/wamabi.be\\\/site\\\/espace-public-numerique\\\/#breadcrumb\"},\"inLanguage\":\"fr-FR\",\"potentialAction\":[{\"@type\":\"ReadAction\",\"target\":[\"https:\\\/\\\/wamabi.be\\\/site\\\/espace-public-numerique\\\/\"]}]},{\"@type\":\"BreadcrumbList\",\"@id\":\"https:\\\/\\\/wamabi.be\\\/site\\\/espace-public-numerique\\\/#breadcrumb\",\"itemListElement\":[{\"@type\":\"ListItem\",\"position\":1,\"name\":\"Accueil\",\"item\":\"https:\\\/\\\/wamabi.be\\\/site\\\/\"},{\"@type\":\"ListItem\",\"position\":2,\"name\":\"Espace Public Num\u00e9rique\"}]},{\"@type\":\"WebSite\",\"@id\":\"https:\\\/\\\/wamabi.be\\\/site\\\/#website\",\"url\":\"https:\\\/\\\/wamabi.be\\\/site\\\/\",\"name\":\"Wamabi\",\"description\":\"Wamabi - Biblioth\u00e8ques de Waimes et de Malmedy\",\"publisher\":{\"@id\":\"https:\\\/\\\/wamabi.be\\\/site\\\/#organization\"},\"potentialAction\":[{\"@type\":\"SearchAction\",\"target\":{\"@type\":\"EntryPoint\",\"urlTemplate\":\"https:\\\/\\\/wamabi.be\\\/site\\\/?s={search_term_string}\"},\"query-input\":{\"@type\":\"PropertyValueSpecification\",\"valueRequired\":true,\"valueName\":\"search_term_string\"}}],\"inLanguage\":\"fr-FR\"},{\"@type\":\"Organization\",\"@id\":\"https:\\\/\\\/wamabi.be\\\/site\\\/#organization\",\"name\":\"Wamabi\",\"url\":\"https:\\\/\\\/wamabi.be\\\/site\\\/\",\"logo\":{\"@type\":\"ImageObject\",\"inLanguage\":\"fr-FR\",\"@id\":\"https:\\\/\\\/wamabi.be\\\/site\\\/#\\\/schema\\\/logo\\\/image\\\/\",\"url\":\"https:\\\/\\\/wamabi.be\\\/site\\\/wp-content\\\/cropped-cropped-Dragon-noir-et-blanc-transparent-carre-1.png\",\"contentUrl\":\"https:\\\/\\\/wamabi.be\\\/site\\\/wp-content\\\/cropped-cropped-Dragon-noir-et-blanc-transparent-carre-1.png\",\"width\":2321,\"height\":2321,\"caption\":\"Wamabi\"},\"image\":{\"@id\":\"https:\\\/\\\/wamabi.be\\\/site\\\/#\\\/schema\\\/logo\\\/image\\\/\"}}]}<\/script>\n<!-- \/ Yoast SEO plugin. -->","yoast_head_json":{"title":"Espace Public Num\u00e9rique - Wamabi","robots":{"index":"index","follow":"follow","max-snippet":"max-snippet:-1","max-image-preview":"max-image-preview:large","max-video-preview":"max-video-preview:-1"},"canonical":"https:\/\/wamabi.be\/site\/espace-public-numerique\/","og_locale":"fr_FR","og_type":"article","og_title":"Espace Public Num\u00e9rique - Wamabi","og_description":"L\u2019Espace Public Num\u00e9rique (appel\u00e9 aussi l\u2019EPN) est une structure cr\u00e9\u00e9e par les biblioth\u00e8ques de Malmedy et Waimes, avec le concours de la R\u00e9gion wallonne. Cette structure a pour but de promouvoir les nouvelles technologies li\u00e9es \u00e0 l\u2019informatique aupr\u00e8s du public. Concr\u00e8tement, dans cet espace dot\u00e9 d\u2019une quinzaine d\u2019ordinateurs, diff\u00e9rentes activit\u00e9s et formations sont organis\u00e9es. L\u2019E.P.N. [&hellip;]","og_url":"https:\/\/wamabi.be\/site\/espace-public-numerique\/","og_site_name":"Wamabi","article_modified_time":"2015-11-24T09:05:09+00:00","twitter_card":"summary_large_image","twitter_misc":{"Dur\u00e9e de lecture estim\u00e9e":"1 minute"},"schema":{"@context":"https:\/\/schema.org","@graph":[{"@type":"WebPage","@id":"https:\/\/wamabi.be\/site\/espace-public-numerique\/","url":"https:\/\/wamabi.be\/site\/espace-public-numerique\/","name":"Espace Public Num\u00e9rique - Wamabi","isPartOf":{"@id":"https:\/\/wamabi.be\/site\/#website"},"datePublished":"2011-09-26T07:08:52+00:00","dateModified":"2015-11-24T09:05:09+00:00","breadcrumb":{"@id":"https:\/\/wamabi.be\/site\/espace-public-numerique\/#breadcrumb"},"inLanguage":"fr-FR","potentialAction":[{"@type":"ReadAction","target":["https:\/\/wamabi.be\/site\/espace-public-numerique\/"]}]},{"@type":"BreadcrumbList","@id":"https:\/\/wamabi.be\/site\/espace-public-numerique\/#breadcrumb","itemListElement":[{"@type":"ListItem","position":1,"name":"Accueil","item":"https:\/\/wamabi.be\/site\/"},{"@type":"ListItem","position":2,"name":"Espace Public Num\u00e9rique"}]},{"@type":"WebSite","@id":"https:\/\/wamabi.be\/site\/#website","url":"https:\/\/wamabi.be\/site\/","name":"Wamabi","description":"Wamabi - Biblioth\u00e8ques de Waimes et de Malmedy","publisher":{"@id":"https:\/\/wamabi.be\/site\/#organization"},"potentialAction":[{"@type":"SearchAction","target":{"@type":"EntryPoint","urlTemplate":"https:\/\/wamabi.be\/site\/?s={search_term_string}"},"query-input":{"@type":"PropertyValueSpecification","valueRequired":true,"valueName":"search_term_string"}}],"inLanguage":"fr-FR"},{"@type":"Organization","@id":"https:\/\/wamabi.be\/site\/#organization","name":"Wamabi","url":"https:\/\/wamabi.be\/site\/","logo":{"@type":"ImageObject","inLanguage":"fr-FR","@id":"https:\/\/wamabi.be\/site\/#\/schema\/logo\/image\/","url":"https:\/\/wamabi.be\/site\/wp-content\/cropped-cropped-Dragon-noir-et-blanc-transparent-carre-1.png","contentUrl":"https:\/\/wamabi.be\/site\/wp-content\/cropped-cropped-Dragon-noir-et-blanc-transparent-carre-1.png","width":2321,"height":2321,"caption":"Wamabi"},"image":{"@id":"https:\/\/wamabi.be\/site\/#\/schema\/logo\/image\/"}}]}},"_links":{"self":[{"href":"https:\/\/wamabi.be\/site\/wp-json\/wp\/v2\/pages\/2539","targetHints":{"allow":["GET"]}}],"collection":[{"href":"https:\/\/wamabi.be\/site\/wp-json\/wp\/v2\/pages"}],"about":[{"href":"https:\/\/wamabi.be\/site\/wp-json\/wp\/v2\/types\/page"}],"author":[{"embeddable":true,"href":"https:\/\/wamabi.be\/site\/wp-json\/wp\/v2\/users\/6"}],"replies":[{"embeddable":true,"href":"https:\/\/wamabi.be\/site\/wp-json\/wp\/v2\/comments?post=2539"}],"version-history":[{"count":2,"href":"https:\/\/wamabi.be\/site\/wp-json\/wp\/v2\/pages\/2539\/revisions"}],"predecessor-version":[{"id":7782,"href":"https:\/\/wamabi.be\/site\/wp-json\/wp\/v2\/pages\/2539\/revisions\/7782"}],"wp:attachment":[{"href":"https:\/\/wamabi.be\/site\/wp-json\/wp\/v2\/media?parent=2539"}],"curies":[{"name":"wp","href":"https:\/\/api.w.org\/{rel}","templated":true}]}}