{"id":13,"date":"2008-12-22T16:39:11","date_gmt":"2008-12-22T15:39:11","guid":{"rendered":"http:\/\/wamabi.be\/site\/?page_id=13"},"modified":"2026-01-05T10:29:06","modified_gmt":"2026-01-05T09:29:06","slug":"bibliotheque-de-malmedy","status":"publish","type":"page","link":"https:\/\/wamabi.be\/site\/bibliotheque-de-malmedy\/","title":{"rendered":"Malmedy"},"content":{"rendered":"<p>Place du Ch\u00e2telet, 7A<br \/>\n4960 Malmedy<\/p>\n<p>T\u00e9l. : 080 \/ 799 930<br \/>\nEmail : <a href=\"mailto:malmedy@wamabi.be\">malmedy@wamabi.be<\/a><\/p>\n<p>Portes ouvertes au public<br \/>\nLundi : ferm\u00e9<br \/>\nMardi : de 9h \u00e0 18h<br \/>\nMercredi : de 9h \u00e0 19h<br \/>\nJeudi : de 9h \u00e0 14h<br \/>\nVendredi : de 9h \u00e0 18h<br \/>\nSamedi : de 9h \u00e0 16h<\/p>\n<p>Sur rendez-vous pour les \u00e9coles, associations et collectivit\u00e9s<br \/>\nJours de fermeture (2026) : <strong>mardi 17\/02 (carnaval), 1, 2, 14, 15 et 16 mai, 21 juillet, 11 novembre, 24, 25, 26 et 31 d\u00e9cembre.<\/strong><\/p>\n<p>&nbsp;<\/p>\n","protected":false},"excerpt":{"rendered":"<p>Place du Ch\u00e2telet, 7A 4960 Malmedy T\u00e9l. : 080 \/ 799 930 Email : malmedy@wamabi.be Portes ouvertes au public Lundi : ferm\u00e9 Mardi : de 9h \u00e0 18h Mercredi : de 9h \u00e0 19h Jeudi : de 9h \u00e0 14h Vendredi : de 9h \u00e0 18h Samedi : de 9h \u00e0 16h Sur rendez-vous pour [&hellip;]<\/p>\n","protected":false},"author":6,"featured_media":0,"parent":0,"menu_order":2,"comment_status":"closed","ping_status":"closed","template":"","meta":{"_seopress_robots_primary_cat":"","_seopress_titles_title":"","_seopress_titles_desc":"","_seopress_robots_index":"","footnotes":""},"class_list":["post-13","page","type-page","status-publish","czr-hentry"],"yoast_head":"<!-- This site is optimized with the Yoast SEO plugin v27.4 - https:\/\/yoast.com\/product\/yoast-seo-wordpress\/ -->\n<title>Malmedy - Wamabi<\/title>\n<meta name=\"robots\" content=\"index, follow, max-snippet:-1, max-image-preview:large, max-video-preview:-1\" \/>\n<link rel=\"canonical\" href=\"https:\/\/wamabi.be\/site\/bibliotheque-de-malmedy\/\" \/>\n<meta property=\"og:locale\" content=\"fr_FR\" \/>\n<meta property=\"og:type\" content=\"article\" \/>\n<meta property=\"og:title\" content=\"Malmedy - Wamabi\" \/>\n<meta property=\"og:description\" content=\"Place du Ch\u00e2telet, 7A 4960 Malmedy T\u00e9l. : 080 \/ 799 930 Email : malmedy@wamabi.be Portes ouvertes au public Lundi : ferm\u00e9 Mardi : de 9h \u00e0 18h Mercredi : de 9h \u00e0 19h Jeudi : de 9h \u00e0 14h Vendredi : de 9h \u00e0 18h Samedi : de 9h \u00e0 16h Sur rendez-vous pour [&hellip;]\" \/>\n<meta property=\"og:url\" content=\"https:\/\/wamabi.be\/site\/bibliotheque-de-malmedy\/\" \/>\n<meta property=\"og:site_name\" content=\"Wamabi\" \/>\n<meta property=\"article:modified_time\" content=\"2026-01-05T09:29:06+00:00\" \/>\n<meta name=\"twitter:card\" content=\"summary_large_image\" \/>\n<meta name=\"twitter:label1\" content=\"Dur\u00e9e de lecture estim\u00e9e\" \/>\n\t<meta name=\"twitter:data1\" content=\"1 minute\" \/>\n<script type=\"application\/ld+json\" class=\"yoast-schema-graph\">{\"@context\":\"https:\\\/\\\/schema.org\",\"@graph\":[{\"@type\":\"WebPage\",\"@id\":\"https:\\\/\\\/wamabi.be\\\/site\\\/bibliotheque-de-malmedy\\\/\",\"url\":\"https:\\\/\\\/wamabi.be\\\/site\\\/bibliotheque-de-malmedy\\\/\",\"name\":\"Malmedy - Wamabi\",\"isPartOf\":{\"@id\":\"https:\\\/\\\/wamabi.be\\\/site\\\/#website\"},\"datePublished\":\"2008-12-22T15:39:11+00:00\",\"dateModified\":\"2026-01-05T09:29:06+00:00\",\"breadcrumb\":{\"@id\":\"https:\\\/\\\/wamabi.be\\\/site\\\/bibliotheque-de-malmedy\\\/#breadcrumb\"},\"inLanguage\":\"fr-FR\",\"potentialAction\":[{\"@type\":\"ReadAction\",\"target\":[\"https:\\\/\\\/wamabi.be\\\/site\\\/bibliotheque-de-malmedy\\\/\"]}]},{\"@type\":\"BreadcrumbList\",\"@id\":\"https:\\\/\\\/wamabi.be\\\/site\\\/bibliotheque-de-malmedy\\\/#breadcrumb\",\"itemListElement\":[{\"@type\":\"ListItem\",\"position\":1,\"name\":\"Accueil\",\"item\":\"https:\\\/\\\/wamabi.be\\\/site\\\/\"},{\"@type\":\"ListItem\",\"position\":2,\"name\":\"Malmedy\"}]},{\"@type\":\"WebSite\",\"@id\":\"https:\\\/\\\/wamabi.be\\\/site\\\/#website\",\"url\":\"https:\\\/\\\/wamabi.be\\\/site\\\/\",\"name\":\"Wamabi\",\"description\":\"Wamabi - Biblioth\u00e8ques de Waimes et de Malmedy\",\"publisher\":{\"@id\":\"https:\\\/\\\/wamabi.be\\\/site\\\/#organization\"},\"potentialAction\":[{\"@type\":\"SearchAction\",\"target\":{\"@type\":\"EntryPoint\",\"urlTemplate\":\"https:\\\/\\\/wamabi.be\\\/site\\\/?s={search_term_string}\"},\"query-input\":{\"@type\":\"PropertyValueSpecification\",\"valueRequired\":true,\"valueName\":\"search_term_string\"}}],\"inLanguage\":\"fr-FR\"},{\"@type\":\"Organization\",\"@id\":\"https:\\\/\\\/wamabi.be\\\/site\\\/#organization\",\"name\":\"Wamabi\",\"url\":\"https:\\\/\\\/wamabi.be\\\/site\\\/\",\"logo\":{\"@type\":\"ImageObject\",\"inLanguage\":\"fr-FR\",\"@id\":\"https:\\\/\\\/wamabi.be\\\/site\\\/#\\\/schema\\\/logo\\\/image\\\/\",\"url\":\"https:\\\/\\\/wamabi.be\\\/site\\\/wp-content\\\/cropped-cropped-Dragon-noir-et-blanc-transparent-carre-1.png\",\"contentUrl\":\"https:\\\/\\\/wamabi.be\\\/site\\\/wp-content\\\/cropped-cropped-Dragon-noir-et-blanc-transparent-carre-1.png\",\"width\":2321,\"height\":2321,\"caption\":\"Wamabi\"},\"image\":{\"@id\":\"https:\\\/\\\/wamabi.be\\\/site\\\/#\\\/schema\\\/logo\\\/image\\\/\"}}]}<\/script>\n<!-- \/ Yoast SEO plugin. -->","yoast_head_json":{"title":"Malmedy - Wamabi","robots":{"index":"index","follow":"follow","max-snippet":"max-snippet:-1","max-image-preview":"max-image-preview:large","max-video-preview":"max-video-preview:-1"},"canonical":"https:\/\/wamabi.be\/site\/bibliotheque-de-malmedy\/","og_locale":"fr_FR","og_type":"article","og_title":"Malmedy - Wamabi","og_description":"Place du Ch\u00e2telet, 7A 4960 Malmedy T\u00e9l. : 080 \/ 799 930 Email : malmedy@wamabi.be Portes ouvertes au public Lundi : ferm\u00e9 Mardi : de 9h \u00e0 18h Mercredi : de 9h \u00e0 19h Jeudi : de 9h \u00e0 14h Vendredi : de 9h \u00e0 18h Samedi : de 9h \u00e0 16h Sur rendez-vous pour [&hellip;]","og_url":"https:\/\/wamabi.be\/site\/bibliotheque-de-malmedy\/","og_site_name":"Wamabi","article_modified_time":"2026-01-05T09:29:06+00:00","twitter_card":"summary_large_image","twitter_misc":{"Dur\u00e9e de lecture estim\u00e9e":"1 minute"},"schema":{"@context":"https:\/\/schema.org","@graph":[{"@type":"WebPage","@id":"https:\/\/wamabi.be\/site\/bibliotheque-de-malmedy\/","url":"https:\/\/wamabi.be\/site\/bibliotheque-de-malmedy\/","name":"Malmedy - Wamabi","isPartOf":{"@id":"https:\/\/wamabi.be\/site\/#website"},"datePublished":"2008-12-22T15:39:11+00:00","dateModified":"2026-01-05T09:29:06+00:00","breadcrumb":{"@id":"https:\/\/wamabi.be\/site\/bibliotheque-de-malmedy\/#breadcrumb"},"inLanguage":"fr-FR","potentialAction":[{"@type":"ReadAction","target":["https:\/\/wamabi.be\/site\/bibliotheque-de-malmedy\/"]}]},{"@type":"BreadcrumbList","@id":"https:\/\/wamabi.be\/site\/bibliotheque-de-malmedy\/#breadcrumb","itemListElement":[{"@type":"ListItem","position":1,"name":"Accueil","item":"https:\/\/wamabi.be\/site\/"},{"@type":"ListItem","position":2,"name":"Malmedy"}]},{"@type":"WebSite","@id":"https:\/\/wamabi.be\/site\/#website","url":"https:\/\/wamabi.be\/site\/","name":"Wamabi","description":"Wamabi - Biblioth\u00e8ques de Waimes et de Malmedy","publisher":{"@id":"https:\/\/wamabi.be\/site\/#organization"},"potentialAction":[{"@type":"SearchAction","target":{"@type":"EntryPoint","urlTemplate":"https:\/\/wamabi.be\/site\/?s={search_term_string}"},"query-input":{"@type":"PropertyValueSpecification","valueRequired":true,"valueName":"search_term_string"}}],"inLanguage":"fr-FR"},{"@type":"Organization","@id":"https:\/\/wamabi.be\/site\/#organization","name":"Wamabi","url":"https:\/\/wamabi.be\/site\/","logo":{"@type":"ImageObject","inLanguage":"fr-FR","@id":"https:\/\/wamabi.be\/site\/#\/schema\/logo\/image\/","url":"https:\/\/wamabi.be\/site\/wp-content\/cropped-cropped-Dragon-noir-et-blanc-transparent-carre-1.png","contentUrl":"https:\/\/wamabi.be\/site\/wp-content\/cropped-cropped-Dragon-noir-et-blanc-transparent-carre-1.png","width":2321,"height":2321,"caption":"Wamabi"},"image":{"@id":"https:\/\/wamabi.be\/site\/#\/schema\/logo\/image\/"}}]}},"_links":{"self":[{"href":"https:\/\/wamabi.be\/site\/wp-json\/wp\/v2\/pages\/13","targetHints":{"allow":["GET"]}}],"collection":[{"href":"https:\/\/wamabi.be\/site\/wp-json\/wp\/v2\/pages"}],"about":[{"href":"https:\/\/wamabi.be\/site\/wp-json\/wp\/v2\/types\/page"}],"author":[{"embeddable":true,"href":"https:\/\/wamabi.be\/site\/wp-json\/wp\/v2\/users\/6"}],"replies":[{"embeddable":true,"href":"https:\/\/wamabi.be\/site\/wp-json\/wp\/v2\/comments?post=13"}],"version-history":[{"count":30,"href":"https:\/\/wamabi.be\/site\/wp-json\/wp\/v2\/pages\/13\/revisions"}],"predecessor-version":[{"id":14989,"href":"https:\/\/wamabi.be\/site\/wp-json\/wp\/v2\/pages\/13\/revisions\/14989"}],"wp:attachment":[{"href":"https:\/\/wamabi.be\/site\/wp-json\/wp\/v2\/media?parent=13"}],"curies":[{"name":"wp","href":"https:\/\/api.w.org\/{rel}","templated":true}]}}