{"id":12,"date":"2008-12-22T16:14:40","date_gmt":"2008-12-22T15:14:40","guid":{"rendered":"http:\/\/wamabi.be\/site\/?page_id=12"},"modified":"2026-01-05T11:01:27","modified_gmt":"2026-01-05T10:01:27","slug":"bibliotheque-de-waimes","status":"publish","type":"page","link":"https:\/\/wamabi.be\/site\/bibliotheque-de-waimes\/","title":{"rendered":"Waimes"},"content":{"rendered":"<p>Rue de Malmedy, 1<br \/>\n4950 Waimes<br \/>\nT\u00e9l. : 080 \/ 44 80 54<br \/>\nEmail : <a href=\"mailto:waimes@wamabi.be\">waimes@wamabi.be<\/a><\/p>\n<p>Portes ouvertes au public :<br \/>\nLundi de 9h30 \u00e0 14h<br \/>\nMercredi de 9h30 \u00e0 18h<br \/>\nVendredi de 9h30 \u00e0 14h<br \/>\nSamedi de 9h30 \u00e0 12h30<\/p>\n<p><strong>!! Horaire r\u00e9duit durant les cong\u00e9s scolaires<\/strong> (carnaval, printemps, \u00e9t\u00e9, automne et hiver) :<br \/>\nMercredi de 12h \u00e0 18h<br \/>\nSamedi de 9h30 \u00e0 12h30<\/p>\n<p>Sur rendez-vous pour les \u00e9coles, associations et collectivit\u00e9s<\/p>\n<p>Jours de fermeture (2026) : <b>6 a<\/b><strong>vril, 1<sup>er <\/sup>, <\/strong><b>2, 15, 16 &amp; 25 mai, 15 ao\u00fbt, 2, 11 novembre, 25 &amp; 26 d\u00e9cembre .<\/b><\/p>\n","protected":false},"excerpt":{"rendered":"<p>Rue de Malmedy, 1 4950 Waimes T\u00e9l. : 080 \/ 44 80 54 Email : waimes@wamabi.be Portes ouvertes au public : Lundi de 9h30 \u00e0 14h Mercredi de 9h30 \u00e0 18h Vendredi de 9h30 \u00e0 14h Samedi de 9h30 \u00e0 12h30 !! Horaire r\u00e9duit durant les cong\u00e9s scolaires (carnaval, printemps, \u00e9t\u00e9, automne et hiver) : [&hellip;]<\/p>\n","protected":false},"author":6,"featured_media":0,"parent":0,"menu_order":4,"comment_status":"closed","ping_status":"closed","template":"","meta":{"_seopress_robots_primary_cat":"","_seopress_titles_title":"","_seopress_titles_desc":"","_seopress_robots_index":"","footnotes":""},"class_list":["post-12","page","type-page","status-publish","czr-hentry"],"yoast_head":"<!-- This site is optimized with the Yoast SEO plugin v27.4 - https:\/\/yoast.com\/product\/yoast-seo-wordpress\/ -->\n<title>Waimes - Wamabi<\/title>\n<meta name=\"robots\" content=\"index, follow, max-snippet:-1, max-image-preview:large, max-video-preview:-1\" \/>\n<link rel=\"canonical\" href=\"https:\/\/wamabi.be\/site\/bibliotheque-de-waimes\/\" \/>\n<meta property=\"og:locale\" content=\"fr_FR\" \/>\n<meta property=\"og:type\" content=\"article\" \/>\n<meta property=\"og:title\" content=\"Waimes - Wamabi\" \/>\n<meta property=\"og:description\" content=\"Rue de Malmedy, 1 4950 Waimes T\u00e9l. : 080 \/ 44 80 54 Email : waimes@wamabi.be Portes ouvertes au public : Lundi de 9h30 \u00e0 14h Mercredi de 9h30 \u00e0 18h Vendredi de 9h30 \u00e0 14h Samedi de 9h30 \u00e0 12h30 !! Horaire r\u00e9duit durant les cong\u00e9s scolaires (carnaval, printemps, \u00e9t\u00e9, automne et hiver) : [&hellip;]\" \/>\n<meta property=\"og:url\" content=\"https:\/\/wamabi.be\/site\/bibliotheque-de-waimes\/\" \/>\n<meta property=\"og:site_name\" content=\"Wamabi\" \/>\n<meta property=\"article:modified_time\" content=\"2026-01-05T10:01:27+00:00\" \/>\n<meta name=\"twitter:card\" content=\"summary_large_image\" \/>\n<meta name=\"twitter:label1\" content=\"Dur\u00e9e de lecture estim\u00e9e\" \/>\n\t<meta name=\"twitter:data1\" content=\"1 minute\" \/>\n<script type=\"application\/ld+json\" class=\"yoast-schema-graph\">{\"@context\":\"https:\\\/\\\/schema.org\",\"@graph\":[{\"@type\":\"WebPage\",\"@id\":\"https:\\\/\\\/wamabi.be\\\/site\\\/bibliotheque-de-waimes\\\/\",\"url\":\"https:\\\/\\\/wamabi.be\\\/site\\\/bibliotheque-de-waimes\\\/\",\"name\":\"Waimes - Wamabi\",\"isPartOf\":{\"@id\":\"https:\\\/\\\/wamabi.be\\\/site\\\/#website\"},\"datePublished\":\"2008-12-22T15:14:40+00:00\",\"dateModified\":\"2026-01-05T10:01:27+00:00\",\"breadcrumb\":{\"@id\":\"https:\\\/\\\/wamabi.be\\\/site\\\/bibliotheque-de-waimes\\\/#breadcrumb\"},\"inLanguage\":\"fr-FR\",\"potentialAction\":[{\"@type\":\"ReadAction\",\"target\":[\"https:\\\/\\\/wamabi.be\\\/site\\\/bibliotheque-de-waimes\\\/\"]}]},{\"@type\":\"BreadcrumbList\",\"@id\":\"https:\\\/\\\/wamabi.be\\\/site\\\/bibliotheque-de-waimes\\\/#breadcrumb\",\"itemListElement\":[{\"@type\":\"ListItem\",\"position\":1,\"name\":\"Accueil\",\"item\":\"https:\\\/\\\/wamabi.be\\\/site\\\/\"},{\"@type\":\"ListItem\",\"position\":2,\"name\":\"Waimes\"}]},{\"@type\":\"WebSite\",\"@id\":\"https:\\\/\\\/wamabi.be\\\/site\\\/#website\",\"url\":\"https:\\\/\\\/wamabi.be\\\/site\\\/\",\"name\":\"Wamabi\",\"description\":\"Wamabi - Biblioth\u00e8ques de Waimes et de Malmedy\",\"publisher\":{\"@id\":\"https:\\\/\\\/wamabi.be\\\/site\\\/#organization\"},\"potentialAction\":[{\"@type\":\"SearchAction\",\"target\":{\"@type\":\"EntryPoint\",\"urlTemplate\":\"https:\\\/\\\/wamabi.be\\\/site\\\/?s={search_term_string}\"},\"query-input\":{\"@type\":\"PropertyValueSpecification\",\"valueRequired\":true,\"valueName\":\"search_term_string\"}}],\"inLanguage\":\"fr-FR\"},{\"@type\":\"Organization\",\"@id\":\"https:\\\/\\\/wamabi.be\\\/site\\\/#organization\",\"name\":\"Wamabi\",\"url\":\"https:\\\/\\\/wamabi.be\\\/site\\\/\",\"logo\":{\"@type\":\"ImageObject\",\"inLanguage\":\"fr-FR\",\"@id\":\"https:\\\/\\\/wamabi.be\\\/site\\\/#\\\/schema\\\/logo\\\/image\\\/\",\"url\":\"https:\\\/\\\/wamabi.be\\\/site\\\/wp-content\\\/cropped-cropped-Dragon-noir-et-blanc-transparent-carre-1.png\",\"contentUrl\":\"https:\\\/\\\/wamabi.be\\\/site\\\/wp-content\\\/cropped-cropped-Dragon-noir-et-blanc-transparent-carre-1.png\",\"width\":2321,\"height\":2321,\"caption\":\"Wamabi\"},\"image\":{\"@id\":\"https:\\\/\\\/wamabi.be\\\/site\\\/#\\\/schema\\\/logo\\\/image\\\/\"}}]}<\/script>\n<!-- \/ Yoast SEO plugin. -->","yoast_head_json":{"title":"Waimes - Wamabi","robots":{"index":"index","follow":"follow","max-snippet":"max-snippet:-1","max-image-preview":"max-image-preview:large","max-video-preview":"max-video-preview:-1"},"canonical":"https:\/\/wamabi.be\/site\/bibliotheque-de-waimes\/","og_locale":"fr_FR","og_type":"article","og_title":"Waimes - Wamabi","og_description":"Rue de Malmedy, 1 4950 Waimes T\u00e9l. : 080 \/ 44 80 54 Email : waimes@wamabi.be Portes ouvertes au public : Lundi de 9h30 \u00e0 14h Mercredi de 9h30 \u00e0 18h Vendredi de 9h30 \u00e0 14h Samedi de 9h30 \u00e0 12h30 !! Horaire r\u00e9duit durant les cong\u00e9s scolaires (carnaval, printemps, \u00e9t\u00e9, automne et hiver) : [&hellip;]","og_url":"https:\/\/wamabi.be\/site\/bibliotheque-de-waimes\/","og_site_name":"Wamabi","article_modified_time":"2026-01-05T10:01:27+00:00","twitter_card":"summary_large_image","twitter_misc":{"Dur\u00e9e de lecture estim\u00e9e":"1 minute"},"schema":{"@context":"https:\/\/schema.org","@graph":[{"@type":"WebPage","@id":"https:\/\/wamabi.be\/site\/bibliotheque-de-waimes\/","url":"https:\/\/wamabi.be\/site\/bibliotheque-de-waimes\/","name":"Waimes - Wamabi","isPartOf":{"@id":"https:\/\/wamabi.be\/site\/#website"},"datePublished":"2008-12-22T15:14:40+00:00","dateModified":"2026-01-05T10:01:27+00:00","breadcrumb":{"@id":"https:\/\/wamabi.be\/site\/bibliotheque-de-waimes\/#breadcrumb"},"inLanguage":"fr-FR","potentialAction":[{"@type":"ReadAction","target":["https:\/\/wamabi.be\/site\/bibliotheque-de-waimes\/"]}]},{"@type":"BreadcrumbList","@id":"https:\/\/wamabi.be\/site\/bibliotheque-de-waimes\/#breadcrumb","itemListElement":[{"@type":"ListItem","position":1,"name":"Accueil","item":"https:\/\/wamabi.be\/site\/"},{"@type":"ListItem","position":2,"name":"Waimes"}]},{"@type":"WebSite","@id":"https:\/\/wamabi.be\/site\/#website","url":"https:\/\/wamabi.be\/site\/","name":"Wamabi","description":"Wamabi - Biblioth\u00e8ques de Waimes et de Malmedy","publisher":{"@id":"https:\/\/wamabi.be\/site\/#organization"},"potentialAction":[{"@type":"SearchAction","target":{"@type":"EntryPoint","urlTemplate":"https:\/\/wamabi.be\/site\/?s={search_term_string}"},"query-input":{"@type":"PropertyValueSpecification","valueRequired":true,"valueName":"search_term_string"}}],"inLanguage":"fr-FR"},{"@type":"Organization","@id":"https:\/\/wamabi.be\/site\/#organization","name":"Wamabi","url":"https:\/\/wamabi.be\/site\/","logo":{"@type":"ImageObject","inLanguage":"fr-FR","@id":"https:\/\/wamabi.be\/site\/#\/schema\/logo\/image\/","url":"https:\/\/wamabi.be\/site\/wp-content\/cropped-cropped-Dragon-noir-et-blanc-transparent-carre-1.png","contentUrl":"https:\/\/wamabi.be\/site\/wp-content\/cropped-cropped-Dragon-noir-et-blanc-transparent-carre-1.png","width":2321,"height":2321,"caption":"Wamabi"},"image":{"@id":"https:\/\/wamabi.be\/site\/#\/schema\/logo\/image\/"}}]}},"_links":{"self":[{"href":"https:\/\/wamabi.be\/site\/wp-json\/wp\/v2\/pages\/12","targetHints":{"allow":["GET"]}}],"collection":[{"href":"https:\/\/wamabi.be\/site\/wp-json\/wp\/v2\/pages"}],"about":[{"href":"https:\/\/wamabi.be\/site\/wp-json\/wp\/v2\/types\/page"}],"author":[{"embeddable":true,"href":"https:\/\/wamabi.be\/site\/wp-json\/wp\/v2\/users\/6"}],"replies":[{"embeddable":true,"href":"https:\/\/wamabi.be\/site\/wp-json\/wp\/v2\/comments?post=12"}],"version-history":[{"count":37,"href":"https:\/\/wamabi.be\/site\/wp-json\/wp\/v2\/pages\/12\/revisions"}],"predecessor-version":[{"id":14996,"href":"https:\/\/wamabi.be\/site\/wp-json\/wp\/v2\/pages\/12\/revisions\/14996"}],"wp:attachment":[{"href":"https:\/\/wamabi.be\/site\/wp-json\/wp\/v2\/media?parent=12"}],"curies":[{"name":"wp","href":"https:\/\/api.w.org\/{rel}","templated":true}]}}