{"id":710,"date":"2009-08-27T10:59:39","date_gmt":"2009-08-27T09:59:39","guid":{"rendered":"http:\/\/www.horschamp.be\/?page_id=109"},"modified":"2009-08-27T10:59:39","modified_gmt":"2009-08-27T09:59:39","slug":"partenaires-2","status":"publish","type":"page","link":"https:\/\/wamabi.be\/horschamp\/?page_id=710","title":{"rendered":"Partenaires"},"content":{"rendered":"<p><strong>\u00a0<\/strong><\/p>\n<ul>\n<li><strong><img loading=\"lazy\" decoding=\"async\" class=\"alignleft size-thumbnail wp-image-209\" title=\"Communaute_Francaise\" src=\"http:\/\/wamabi.be\/horschamp\/wp-content\/uploads\/2009\/08\/Communaute_Francaise1-150x150.jpg\" alt=\"Communaute_Francaise\" width=\"150\" height=\"150\" \/><\/strong><strong><a href=\"http:\/\/www.cfwb.be\/\">Le Minist\u00e8re de la Communaut\u00e9 fran\u00e7aise de Belgique<\/a><\/strong><\/li>\n<\/ul>\n<p><strong><a href=\"http:\/\/www.cfwb.be\/\"><\/a><\/strong><\/p>\n<p><strong>\u00a0<\/strong><\/p>\n<p><strong>\u00a0<\/strong><\/p>\n<p><strong>\u00a0<\/strong><\/p>\n<p><strong>\u00a0<\/strong><\/p>\n<p><strong>\u00a0<\/strong><\/p>\n<ul>\n<li><a href=\"http:\/\/www.vielsalm.be\"><strong><img loading=\"lazy\" decoding=\"async\" class=\"alignleft size-thumbnail wp-image-205\" title=\"545px-Blason_de_Vielsalm_svg\" src=\"http:\/\/wamabi.be\/horschamp\/wp-content\/uploads\/2009\/08\/545px-Blason_de_Vielsalm_svg2-150x150.png\" alt=\"545px-Blason_de_Vielsalm_svg\" width=\"83\" height=\"77\" \/><\/strong><strong>La commune de Vielsalm<\/strong><\/a><\/li>\n<\/ul>\n<p><strong>\u00a0<\/strong><\/p>\n<p><strong>\u00a0<\/strong><\/p>\n<p><strong>\u00a0<\/strong><\/p>\n<ul>\n<li><strong><a href=\"http:\/\/www.waimes.be\"><img loading=\"lazy\" decoding=\"async\" class=\"alignleft size-full wp-image-210\" title=\"36px-Flag_of_Weismes_svg\" src=\"http:\/\/wamabi.be\/horschamp\/wp-content\/uploads\/2009\/08\/36px-Flag_of_Weismes_svg1.png\" alt=\"36px-Flag_of_Weismes_svg\" width=\"91\" height=\"63\" \/>La commune de Waimes<\/a><\/strong><\/li>\n<\/ul>\n<p><strong>\u00a0<\/strong><\/p>\n<p><strong>\u00a0<\/strong><\/p>\n<div><strong><strong><a href=\"http:\/\/www.malmedy.be\"><img loading=\"lazy\" decoding=\"async\" class=\"alignleft size-full wp-image-201\" title=\"armoiries_malmedy\" src=\"http:\/\/wamabi.be\/horschamp\/wp-content\/uploads\/2009\/08\/armoiries_malmedy.jpg\" alt=\"armoiries_malmedy\" width=\"92\" height=\"125\" \/><\/a><\/strong><\/strong><\/div>\n<p><strong>\u00a0\u00a0\u00a0 <a href=\"http:\/\/www.malmedy.be\/\">La ville de Malmedy<\/a>\u00a0<\/strong><\/p>\n<p><strong>\u00a0<\/strong><\/p>\n<p><strong>\u00a0<\/strong><\/p>\n<p><strong>\u00a0<\/strong><\/p>\n<p><strong>\u00a0<\/strong><\/p>\n<ul>\n<li><strong><a href=\"http:\/\/loupioteasbl.skynetblogs.be\/\"><img loading=\"lazy\" decoding=\"async\" class=\"alignleft size-thumbnail wp-image-217\" title=\"asbl_loupiote_image_sous_page\" src=\"http:\/\/wamabi.be\/horschamp\/wp-content\/uploads\/2009\/08\/asbl_loupiote_image_sous_page-150x119.jpg\" alt=\"asbl_loupiote_image_sous_page\" width=\"150\" height=\"119\" \/>L&rsquo;asbl Loupiote<\/a><\/strong><\/li>\n<\/ul>\n<p><strong>\u00a0<\/strong><\/p>\n<p><strong>\u00a0<\/strong><\/p>\n<p><strong>\u00a0<\/strong><\/p>\n<p><strong>\u00a0<\/strong><\/p>\n<p><img loading=\"lazy\" decoding=\"async\" class=\"alignleft size-thumbnail wp-image-199\" title=\"logo_cec\" src=\"http:\/\/wamabi.be\/horschamp\/wp-content\/uploads\/2009\/08\/logo_cec1-150x150.jpg\" alt=\"logo_cec\" width=\"150\" height=\"150\" srcset=\"https:\/\/wamabi.be\/horschamp\/wp-content\/uploads\/2009\/08\/logo_cec1-150x150.jpg 150w, https:\/\/wamabi.be\/horschamp\/wp-content\/uploads\/2009\/08\/logo_cec1.jpg 200w\" sizes=\"auto, (max-width: 150px) 100vw, 150px\" \/><\/p>\n<ul>\n<li>\u00a0<strong><a href=\"http:\/\/www.cec-lahesse.be\/\">Le CEC La Hesse<\/a><\/strong><\/li>\n<\/ul>\n<p><strong>\u00a0<\/strong><\/p>\n<p><strong>\u00a0<\/strong><\/p>\n<p><strong>\u00a0<\/strong><\/p>\n<p><strong>\u00a0<\/strong><\/p>\n<p><strong>\u00a0<\/strong><\/p>\n<ul>\n<li><strong><a href=\"http:\/\/www.employe-du-moi.org\/\"><img loading=\"lazy\" decoding=\"async\" class=\"alignleft size-full wp-image-211\" title=\"employe du moi\" src=\"http:\/\/wamabi.be\/horschamp\/wp-content\/uploads\/2009\/08\/employe-du-moi.png\" alt=\"employe du moi\" width=\"74\" height=\"73\" \/>L&rsquo;Employ\u00e9 du Moi<\/a><\/strong><\/li>\n<\/ul>\n<p><strong>\u00a0<\/strong><\/p>\n<p><strong>\u00a0<\/strong><\/p>\n<p><strong>\u00a0<\/strong><\/p>\n<ul>\n<li><strong><a href=\"http:\/\/www.territoires-memoire.be\/\"><img loading=\"lazy\" decoding=\"async\" class=\"alignleft size-thumbnail wp-image-218\" title=\"logo_tm\" src=\"http:\/\/wamabi.be\/horschamp\/wp-content\/uploads\/2009\/08\/logo_tm-150x70.jpg\" alt=\"logo_tm\" width=\"150\" height=\"70\" \/>L&rsquo;asbl \u00ab\u00a0Les Territoires de la M\u00e9moire<\/a>\u00ab\u00a0<\/strong><\/li>\n<\/ul>\n<p><strong>\u00a0<\/strong><\/p>\n<p><strong>\u00a0<\/strong><\/p>\n<p><strong>\u00a0<\/strong><\/p>\n<ul>\n<li><strong><a href=\"http:\/\/www.dbao.be\"><img loading=\"lazy\" decoding=\"async\" class=\"alignleft size-thumbnail wp-image-220\" title=\"baonetlogodbao\" src=\"http:\/\/wamabi.be\/horschamp\/wp-content\/uploads\/2009\/08\/baonetlogodbao1-150x150.gif\" alt=\"baonetlogodbao\" width=\"121\" height=\"120\" \/>L&rsquo;asbl \u00ab\u00a0De bouche \u00e0 oreille<\/a>\u00ab\u00a0<\/strong><\/li>\n<\/ul>\n<p><strong>\u00a0<\/strong><\/p>\n<p><strong>\u00a0<\/strong><\/p>\n<p><strong>\u00a0<\/strong><\/p>\n<p><strong>\u00a0<\/strong><\/p>\n<p>\u00a0<\/p>\n<p><strong><img loading=\"lazy\" decoding=\"async\" class=\"alignleft size-full wp-image-297\" title=\"inforjeunes\" src=\"http:\/\/wamabi.be\/horschamp\/wp-content\/uploads\/2009\/08\/inforjeunes1.jpg\" alt=\"inforjeunes\" width=\"137\" height=\"120\" \/>\u00a0<a href=\"http:\/\/www.facebook.com\/#\/profile.php?id=1258103128&amp;ref=search&amp;sid=629792811.1920563774..1\">InforJeunes Malmedy<\/a><\/strong><\/p>\n<p><strong>\u00a0<\/strong><\/p>\n<p><strong>\u00a0<\/strong><\/p>\n<p><strong>\u00a0<\/strong><\/p>\n<p><strong>\u00a0<\/strong><\/p>\n<p><strong><img loading=\"lazy\" decoding=\"async\" class=\"alignleft size-full wp-image-299\" title=\"logoMJM\" src=\"http:\/\/wamabi.be\/horschamp\/wp-content\/uploads\/2009\/08\/logoMJM.jpg\" alt=\"logoMJM\" width=\"108\" height=\"115\" \/><\/strong><\/p>\n<p><strong>La maison des Jeunes de Malmedy<\/strong><\/p>\n<p><strong>\u00a0<\/strong><\/p>\n<p><strong>\u00a0<\/strong><\/p>\n<p><strong>\u00a0<\/strong><\/p>\n<p><strong>\u00a0<\/strong><\/p>\n<p><strong>Le Miroir Vagabond<\/strong><\/p>\n<p><strong>L&rsquo;espace Jeunes de Waimes<\/strong><\/p>\n<p><strong>&#8230;<\/strong><\/p>\n<p><strong>\u00a0<\/strong><\/p>\n<p><strong>\u00a0<\/strong><\/p>\n","protected":false},"excerpt":{"rendered":"<p>\u00a0 Le Minist\u00e8re de la Communaut\u00e9 fran\u00e7aise de Belgique \u00a0 \u00a0 \u00a0 \u00a0 \u00a0 La commune de Vielsalm \u00a0 \u00a0 \u00a0 La commune de Waimes \u00a0 \u00a0 \u00a0\u00a0\u00a0 La ville de Malmedy\u00a0 \u00a0 \u00a0 \u00a0 \u00a0 L&rsquo;asbl Loupiote \u00a0 \u00a0 \u00a0 \u00a0 \u00a0Le CEC La Hesse \u00a0 \u00a0 \u00a0 \u00a0 \u00a0 L&rsquo;Employ\u00e9 du Moi \u00a0 &hellip; <a href=\"https:\/\/wamabi.be\/horschamp\/?page_id=710\" class=\"more-link\">Continuer la lecture de <span class=\"screen-reader-text\">Partenaires<\/span><\/a><\/p>\n","protected":false},"author":2,"featured_media":0,"parent":0,"menu_order":0,"comment_status":"open","ping_status":"open","template":"","meta":{"_seopress_robots_primary_cat":"","_seopress_titles_title":"","_seopress_titles_desc":"","_seopress_robots_index":"","_monsterinsights_skip_tracking":false,"_monsterinsights_sitenote_active":false,"_monsterinsights_sitenote_note":"","_monsterinsights_sitenote_category":0,"footnotes":""},"class_list":["post-710","page","type-page","status-publish","hentry"],"_links":{"self":[{"href":"https:\/\/wamabi.be\/horschamp\/index.php?rest_route=\/wp\/v2\/pages\/710","targetHints":{"allow":["GET"]}}],"collection":[{"href":"https:\/\/wamabi.be\/horschamp\/index.php?rest_route=\/wp\/v2\/pages"}],"about":[{"href":"https:\/\/wamabi.be\/horschamp\/index.php?rest_route=\/wp\/v2\/types\/page"}],"author":[{"embeddable":true,"href":"https:\/\/wamabi.be\/horschamp\/index.php?rest_route=\/wp\/v2\/users\/2"}],"replies":[{"embeddable":true,"href":"https:\/\/wamabi.be\/horschamp\/index.php?rest_route=%2Fwp%2Fv2%2Fcomments&post=710"}],"version-history":[{"count":0,"href":"https:\/\/wamabi.be\/horschamp\/index.php?rest_route=\/wp\/v2\/pages\/710\/revisions"}],"wp:attachment":[{"href":"https:\/\/wamabi.be\/horschamp\/index.php?rest_route=%2Fwp%2Fv2%2Fmedia&parent=710"}],"curies":[{"name":"wp","href":"https:\/\/api.w.org\/{rel}","templated":true}]}}