{"id":26,"date":"2009-07-08T14:20:24","date_gmt":"2009-07-08T13:20:24","guid":{"rendered":"http:\/\/www.horschamp.be\/?page_id=26"},"modified":"2009-07-08T14:20:24","modified_gmt":"2009-07-08T13:20:24","slug":"presentation","status":"publish","type":"page","link":"https:\/\/wamabi.be\/horschamp\/?page_id=26","title":{"rendered":"Pr\u00e9sentation du projet"},"content":{"rendered":"<p>Soutenu par le Service de la lecture publique du Minist\u00e8re de la Communaut\u00e9 fran\u00e7aise, le projet <em>Hors Champ<\/em> est un projet liant les communes de Malmedy, Waimes et Vielsalm et destin\u00e9 aux jeunes et plus particuli\u00e8rement aux ados de 11 \u00e0 15 ans. Il consiste en la promotion de la lecture et de l&rsquo;\u00e9criture et ce, via diverses animations. Ces derni\u00e8res seront en lien avec la biblioth\u00e8que et une lecture \u00ab\u00a0pluri-m\u00e9dias\u00a0\u00bb: livres, blogs, journaux, t\u00e9l\u00e9vision, films&#8230; Elles auront lieu dans et hors des biblioth\u00e8ques selon le besoin (biblioth\u00e8ques, EPN, ludoth\u00e8ques, maisons de jeunes, festivals de rue&#8230;).<br \/>\nDans le cadre de ces modules, des personnes-ressources (artistes, animateurs, \u00e9crivains, journalistes, sportifs et autres) interviendront pour am\u00e9liorer la qualit\u00e9 des exp\u00e9riences, \u00e9changer des pratiques et enrichir les relations avec les ados.<br \/>\nLes animations seront en lien avec des partenaires qui attachent une importance certaine aux jeunes de cette tranche d&rsquo;\u00e2ge, tels que les Maisons de Jeunes, Infor Jeunes, les \u00e9coles&#8230;<br \/>\nDurant ces rencontres, une enqu\u00eate visant \u00e0 d\u00e9finir les canaux de lecture utilis\u00e9s par les ados sera men\u00e9e.<br \/>\nLe blog, ci-pr\u00e9sent, est un des liens\u00a0entre le jeune\u00a0et les\u00a0porteurs du projet. Ainsi, ils y trouveront un agenda des \u00e9v\u00e9nements, un compte-rendu de leurs activit\u00e9s et une publication de leurs cr\u00e9ations. Via ce m\u00e9dia, l&rsquo;interaction entre le jeune et les membres du projet <em>Hors Champ<\/em> (et donc des biblioth\u00e8ques) ne peut \u00eatre que renforc\u00e9, l&rsquo;objectif \u00e9tant de promouvoir leur soif de lecture et d&rsquo;\u00e9criture et d&rsquo;actualiser les services des biblioth\u00e8ques Hors champ.<\/p>\n","protected":false},"excerpt":{"rendered":"<p>Soutenu par le Service de la lecture publique du Minist\u00e8re de la Communaut\u00e9 fran\u00e7aise, le projet Hors Champ est un projet liant les communes de Malmedy, Waimes et Vielsalm et destin\u00e9 aux jeunes et plus particuli\u00e8rement aux ados de 11 \u00e0 15 ans. Il consiste en la promotion de la lecture et de l&rsquo;\u00e9criture et &hellip; <a href=\"https:\/\/wamabi.be\/horschamp\/?page_id=26\" class=\"more-link\">Continuer la lecture de <span class=\"screen-reader-text\">Pr\u00e9sentation du projet<\/span><\/a><\/p>\n","protected":false},"author":2,"featured_media":0,"parent":0,"menu_order":0,"comment_status":"open","ping_status":"open","template":"","meta":{"_seopress_robots_primary_cat":"","_seopress_titles_title":"","_seopress_titles_desc":"","_seopress_robots_index":"","_monsterinsights_skip_tracking":false,"_monsterinsights_sitenote_active":false,"_monsterinsights_sitenote_note":"","_monsterinsights_sitenote_category":0,"footnotes":""},"class_list":["post-26","page","type-page","status-publish","hentry"],"_links":{"self":[{"href":"https:\/\/wamabi.be\/horschamp\/index.php?rest_route=\/wp\/v2\/pages\/26","targetHints":{"allow":["GET"]}}],"collection":[{"href":"https:\/\/wamabi.be\/horschamp\/index.php?rest_route=\/wp\/v2\/pages"}],"about":[{"href":"https:\/\/wamabi.be\/horschamp\/index.php?rest_route=\/wp\/v2\/types\/page"}],"author":[{"embeddable":true,"href":"https:\/\/wamabi.be\/horschamp\/index.php?rest_route=\/wp\/v2\/users\/2"}],"replies":[{"embeddable":true,"href":"https:\/\/wamabi.be\/horschamp\/index.php?rest_route=%2Fwp%2Fv2%2Fcomments&post=26"}],"version-history":[{"count":0,"href":"https:\/\/wamabi.be\/horschamp\/index.php?rest_route=\/wp\/v2\/pages\/26\/revisions"}],"wp:attachment":[{"href":"https:\/\/wamabi.be\/horschamp\/index.php?rest_route=%2Fwp%2Fv2%2Fmedia&parent=26"}],"curies":[{"name":"wp","href":"https:\/\/api.w.org\/{rel}","templated":true}]}}