{"id":107,"date":"2009-08-27T10:57:59","date_gmt":"2009-08-27T09:57:59","guid":{"rendered":"http:\/\/www.horschamp.be\/?page_id=107"},"modified":"2009-08-27T10:57:59","modified_gmt":"2009-08-27T09:57:59","slug":"acteurs-du-projet","status":"publish","type":"page","link":"https:\/\/wamabi.be\/horschamp\/?page_id=107","title":{"rendered":"Coop\u00e9rateurs"},"content":{"rendered":"<p><strong>Pour Vielsalm<\/strong>: Mael Detournay, Marie-Chrisitine Bertimes, Marie-Claude No\u00ebl et Laurence Nandrin.<\/p>\n<p><strong>Pour Waimes<\/strong>: Anne-Marie Heukemes, Nicole Lecoq, Fabienne Lodomez et Ga\u00eblle Rosen.<\/p>\n<p><strong>Pour Malmedy<\/strong>: Kevin Diffels, Brigitte Freches, Magali Hanen, Sophie Huys et Roseline Lemaire.<\/p>\n<p><strong>Autres<\/strong>: St\u00e9phane Noirhomme, animateur ind\u00e9pendant, et Fr\u00e9d\u00e9ric Willem qui assure un soutien \u00e0 la coordination<\/p>\n","protected":false},"excerpt":{"rendered":"<p>Pour Vielsalm: Mael Detournay, Marie-Chrisitine Bertimes, Marie-Claude No\u00ebl et Laurence Nandrin. Pour Waimes: Anne-Marie Heukemes, Nicole Lecoq, Fabienne Lodomez et Ga\u00eblle Rosen. Pour Malmedy: Kevin Diffels, Brigitte Freches, Magali Hanen, Sophie Huys et Roseline Lemaire. Autres: St\u00e9phane Noirhomme, animateur ind\u00e9pendant, et Fr\u00e9d\u00e9ric Willem qui assure un soutien \u00e0 la coordination<\/p>\n","protected":false},"author":2,"featured_media":0,"parent":0,"menu_order":0,"comment_status":"open","ping_status":"open","template":"","meta":{"_seopress_robots_primary_cat":"","_seopress_titles_title":"","_seopress_titles_desc":"","_seopress_robots_index":"","_monsterinsights_skip_tracking":false,"_monsterinsights_sitenote_active":false,"_monsterinsights_sitenote_note":"","_monsterinsights_sitenote_category":0,"footnotes":""},"class_list":["post-107","page","type-page","status-publish","hentry"],"_links":{"self":[{"href":"https:\/\/wamabi.be\/horschamp\/index.php?rest_route=\/wp\/v2\/pages\/107","targetHints":{"allow":["GET"]}}],"collection":[{"href":"https:\/\/wamabi.be\/horschamp\/index.php?rest_route=\/wp\/v2\/pages"}],"about":[{"href":"https:\/\/wamabi.be\/horschamp\/index.php?rest_route=\/wp\/v2\/types\/page"}],"author":[{"embeddable":true,"href":"https:\/\/wamabi.be\/horschamp\/index.php?rest_route=\/wp\/v2\/users\/2"}],"replies":[{"embeddable":true,"href":"https:\/\/wamabi.be\/horschamp\/index.php?rest_route=%2Fwp%2Fv2%2Fcomments&post=107"}],"version-history":[{"count":0,"href":"https:\/\/wamabi.be\/horschamp\/index.php?rest_route=\/wp\/v2\/pages\/107\/revisions"}],"wp:attachment":[{"href":"https:\/\/wamabi.be\/horschamp\/index.php?rest_route=%2Fwp%2Fv2%2Fmedia&parent=107"}],"curies":[{"name":"wp","href":"https:\/\/api.w.org\/{rel}","templated":true}]}}